{"id":40233,"date":"2024-08-01T10:25:05","date_gmt":"2024-08-01T08:25:05","guid":{"rendered":"https:\/\/datalifeit.es\/?page_id=40233"},"modified":"2024-08-01T22:42:20","modified_gmt":"2024-08-01T20:42:20","slug":"modulo-gestion-financiera-de-tryton-erp","status":"publish","type":"page","link":"https:\/\/datalifeit.es\/en\/tryton-erp\/modulo-gestion-financiera-de-tryton-erp\/","title":{"rendered":"M\u00f3dulo Gesti\u00f3n Financiera de Tryton ERP"},"content":{"rendered":"<div class=\"wpb-content-wrapper\"><div class=\"vc_row wpb_row vc_row-fluid vc_custom_1722531051555\"><div class=\"wpb_column vc_column_container vc_col-sm-12\"><div class=\"vc_column-inner\"><div class=\"wpb_wrapper\"><h2 style=\"font-size: 24px;color: #007ac5;text-align: left;font-family:Ubuntu;font-weight:500;font-style:normal\" class=\"vc_custom_heading vc_do_custom_heading vc_custom_1722531006474\" >Registra todas las transacciones en tu esquema de cuentas<\/h2><\/div><\/div><\/div><\/div><div class=\"vc_row wpb_row vc_row-fluid\"><div class=\"wpb_column vc_column_container vc_col-sm-12\"><div class=\"vc_column-inner\"><div class=\"wpb_wrapper\">\n\t<div class=\"wpb_text_column wpb_content_element vc_custom_1722544206915\" >\n\t\t<div class=\"wpb_wrapper\">\n\t\t\t<p style=\"font-size: 16px;\">Tryton ERP se ocupa de la administraci\u00f3n y control de los recursos econ\u00f3micos de una empresa a trav\u00e9s del m\u00f3dulo de \u201cGesti\u00f3n financiera\u201d. Esta funcionalidad te ayudar\u00e1 a alcanzar tus objetivos<br \/>\nfinancieros. Tambi\u00e9n te permitir\u00e1 tomar decisiones informadas, optimizar el uso de los recursos y maximizar el valor del producto.<\/p>\n<p><strong>Puedes tener un dominio absoluto de tus cuentas, transacciones y movimientos financieros, registrar y controlar cada detalle, creando informes y an\u00e1lisis. Todo eso al instante.<\/strong><\/p>\n<h3><strong>Herramientas:<\/strong><\/h3>\n<p>&#8211; Contabilidad general<br \/>\n&#8211; Facturaci\u00f3n<\/p>\n<h3><strong>Este m\u00f3dulo te permitir\u00e1:<\/strong><\/h3>\n\n\t\t<\/div>\n\t<\/div>\n<div class=\"vc_row wpb_row vc_inner vc_row-fluid vc_custom_1722544746817 vc_row-has-fill\"><div class=\"wpb_column vc_column_container vc_col-sm-6\"><div class=\"vc_column-inner\"><div class=\"wpb_wrapper\"><div class=\"aio-icon-component   use-as-lists style_1\"><div id=\"Info-box-wrap-5090\" class=\"aio-icon-box default-icon\" style=\"\"  ><div class=\"aio-icon-default\"><div class=\"ult-just-icon-wrapper\"><div class=\"align-icon\" style=\"text-align:center;\">\n<div class=\"aio-icon square\"  style=\"color:#007aff;background:#ffffff;font-size:18px;display:inline-block;\">\n\t<i class=\"Defaults-check\"><\/i>\n<\/div><\/div><\/div><\/div><div class=\"aio-icon-header\" ><h4 class=\"aio-icon-title ult-responsive\"  data-ultimate-target='#Info-box-wrap-5090 .aio-icon-title'  data-responsive-json-new='{\"font-size\":\"desktop:18px;\",\"line-height\":\"\"}'  style=\"\">Evitar duplicidades<\/h4><\/div> <!-- header --><\/div> <!-- aio-icon-box --><\/div> <!-- aio-icon-component --><div class=\"aio-icon-component   use-as-lists style_1\"><div id=\"Info-box-wrap-6685\" class=\"aio-icon-box default-icon\" style=\"\"  ><div class=\"aio-icon-default\"><div class=\"ult-just-icon-wrapper\"><div class=\"align-icon\" style=\"text-align:center;\">\n<div class=\"aio-icon square\"  style=\"color:#007aff;background:#ffffff;font-size:18px;display:inline-block;\">\n\t<i class=\"Defaults-check\"><\/i>\n<\/div><\/div><\/div><\/div><div class=\"aio-icon-header\" ><h4 class=\"aio-icon-title ult-responsive\"  data-ultimate-target='#Info-box-wrap-6685 .aio-icon-title'  data-responsive-json-new='{\"font-size\":\"desktop:18px;\",\"line-height\":\"\"}'  style=\"\">Evitar tener que hacer traspasos de datos a diferentes programas<\/h4><\/div> <!-- header --><\/div> <!-- aio-icon-box --><\/div> <!-- aio-icon-component --><div class=\"aio-icon-component   use-as-lists style_1\"><div id=\"Info-box-wrap-3025\" class=\"aio-icon-box default-icon\" style=\"\"  ><div class=\"aio-icon-default\"><div class=\"ult-just-icon-wrapper\"><div class=\"align-icon\" style=\"text-align:center;\">\n<div class=\"aio-icon square\"  style=\"color:#007aff;background:#ffffff;font-size:18px;display:inline-block;\">\n\t<i class=\"Defaults-check\"><\/i>\n<\/div><\/div><\/div><\/div><div class=\"aio-icon-header\" ><h4 class=\"aio-icon-title ult-responsive\"  data-ultimate-target='#Info-box-wrap-3025 .aio-icon-title'  data-responsive-json-new='{\"font-size\":\"desktop:18px;\",\"line-height\":\"\"}'  style=\"\">Administrar ejercicios contables con asiento de regularizaci\u00f3n, apertura y cierre.<\/h4><\/div> <!-- header --><\/div> <!-- aio-icon-box --><\/div> <!-- aio-icon-component --><div class=\"aio-icon-component   use-as-lists style_1\"><div id=\"Info-box-wrap-5336\" class=\"aio-icon-box default-icon\" style=\"\"  ><div class=\"aio-icon-default\"><div class=\"ult-just-icon-wrapper\"><div class=\"align-icon\" style=\"text-align:center;\">\n<div class=\"aio-icon square\"  style=\"color:#007aff;background:#ffffff;font-size:18px;display:inline-block;\">\n\t<i class=\"Defaults-check\"><\/i>\n<\/div><\/div><\/div><\/div><div class=\"aio-icon-header\" ><h4 class=\"aio-icon-title ult-responsive\"  data-ultimate-target='#Info-box-wrap-5336 .aio-icon-title'  data-responsive-json-new='{\"font-size\":\"desktop:18px;\",\"line-height\":\"\"}'  style=\"\">Localizar f\u00e1cilmente tus cuentas<\/h4><\/div> <!-- header --><\/div> <!-- aio-icon-box --><\/div> <!-- aio-icon-component --><div class=\"aio-icon-component   use-as-lists style_1\"><div id=\"Info-box-wrap-4895\" class=\"aio-icon-box default-icon\" style=\"\"  ><div class=\"aio-icon-default\"><div class=\"ult-just-icon-wrapper\"><div class=\"align-icon\" style=\"text-align:center;\">\n<div class=\"aio-icon square\"  style=\"color:#007aff;background:#ffffff;font-size:18px;display:inline-block;\">\n\t<i class=\"Defaults-check\"><\/i>\n<\/div><\/div><\/div><\/div><div class=\"aio-icon-header\" ><h4 class=\"aio-icon-title ult-responsive\"  data-ultimate-target='#Info-box-wrap-4895 .aio-icon-title'  data-responsive-json-new='{\"font-size\":\"desktop:18px;\",\"line-height\":\"\"}'  style=\"\">Crear asientos de forma autom\u00e1tica<\/h4><\/div> <!-- header --><\/div> <!-- aio-icon-box --><\/div> <!-- aio-icon-component --><div class=\"aio-icon-component   use-as-lists style_1\"><div id=\"Info-box-wrap-5263\" class=\"aio-icon-box default-icon\" style=\"\"  ><div class=\"aio-icon-default\"><div class=\"ult-just-icon-wrapper\"><div class=\"align-icon\" style=\"text-align:center;\">\n<div class=\"aio-icon square\"  style=\"color:#007aff;background:#ffffff;font-size:18px;display:inline-block;\">\n\t<i class=\"Defaults-check\"><\/i>\n<\/div><\/div><\/div><\/div><div class=\"aio-icon-header\" ><h4 class=\"aio-icon-title ult-responsive\"  data-ultimate-target='#Info-box-wrap-5263 .aio-icon-title'  data-responsive-json-new='{\"font-size\":\"desktop:18px;\",\"line-height\":\"\"}'  style=\"\">Facilitar la creaci\u00f3n de: libro diario, libro mayor, balances, diarios, previsi\u00f3n de pagos, registro de facturas, etc.<\/h4><\/div> <!-- header --><\/div> <!-- aio-icon-box --><\/div> <!-- aio-icon-component --><\/div><\/div><\/div><div class=\"wpb_column vc_column_container vc_col-sm-6\"><div class=\"vc_column-inner\"><div class=\"wpb_wrapper\"><div class=\"aio-icon-component   use-as-lists style_1\"><div id=\"Info-box-wrap-6465\" class=\"aio-icon-box default-icon\" style=\"\"  ><div class=\"aio-icon-default\"><div class=\"ult-just-icon-wrapper\"><div class=\"align-icon\" style=\"text-align:center;\">\n<div class=\"aio-icon square\"  style=\"color:#007aff;background:#ffffff;font-size:18px;display:inline-block;\">\n\t<i class=\"Defaults-check\"><\/i>\n<\/div><\/div><\/div><\/div><div class=\"aio-icon-header\" ><h4 class=\"aio-icon-title ult-responsive\"  data-ultimate-target='#Info-box-wrap-6465 .aio-icon-title'  data-responsive-json-new='{\"font-size\":\"desktop:18px;\",\"line-height\":\"\"}'  style=\"\">Genera ficheros para la presentaci\u00f3n de impresos oficiales c\u00f3mo el modelo 111, 303, 340, 347, y el modelo 349.<\/h4><\/div> <!-- header --><\/div> <!-- aio-icon-box --><\/div> <!-- aio-icon-component --><div class=\"aio-icon-component   use-as-lists style_1\"><div id=\"Info-box-wrap-3681\" class=\"aio-icon-box default-icon\" style=\"\"  ><div class=\"aio-icon-default\"><div class=\"ult-just-icon-wrapper\"><div class=\"align-icon\" style=\"text-align:center;\">\n<div class=\"aio-icon square\"  style=\"color:#007aff;background:#ffffff;font-size:18px;display:inline-block;\">\n\t<i class=\"Defaults-check\"><\/i>\n<\/div><\/div><\/div><\/div><div class=\"aio-icon-header\" ><h4 class=\"aio-icon-title ult-responsive\"  data-ultimate-target='#Info-box-wrap-3681 .aio-icon-title'  data-responsive-json-new='{\"font-size\":\"desktop:18px;\",\"line-height\":\"\"}'  style=\"\">Contabilizar facturas de forma autom\u00e1tica<\/h4><\/div> <!-- header --><\/div> <!-- aio-icon-box --><\/div> <!-- aio-icon-component --><div class=\"aio-icon-component   use-as-lists style_1\"><div id=\"Info-box-wrap-2170\" class=\"aio-icon-box default-icon\" style=\"\"  ><div class=\"aio-icon-default\"><div class=\"ult-just-icon-wrapper\"><div class=\"align-icon\" style=\"text-align:center;\">\n<div class=\"aio-icon square\"  style=\"color:#007aff;background:#ffffff;font-size:18px;display:inline-block;\">\n\t<i class=\"Defaults-check\"><\/i>\n<\/div><\/div><\/div><\/div><div class=\"aio-icon-header\" ><h4 class=\"aio-icon-title ult-responsive\"  data-ultimate-target='#Info-box-wrap-2170 .aio-icon-title'  data-responsive-json-new='{\"font-size\":\"desktop:18px;\",\"line-height\":\"\"}'  style=\"\">Enviar de forma autom\u00e1tica toda la informaci\u00f3n necesaria a la Agencia Tributaria para el SII (Suministro Inmediato de Informaci\u00f3n)<\/h4><\/div> <!-- header --><\/div> <!-- aio-icon-box --><\/div> <!-- aio-icon-component --><\/div><\/div><\/div><\/div><\/div><\/div><\/div><\/div><div class=\"vc_row wpb_row vc_row-fluid vc_custom_1722531074996\"><div class=\"wpb_column vc_column_container vc_col-sm-12\"><div class=\"vc_column-inner\"><div class=\"wpb_wrapper\">\n\t<div class=\"wpb_text_column wpb_content_element\" >\n\t\t<div class=\"wpb_wrapper\">\n\t\t\t<p style=\"font-size: 16px;\">En cuanto a la \u201cgesti\u00f3n de facturaci\u00f3n\u201d ofrece una gran flexibilidad permitiendo organizar las formas de pago, fraccionar las facturas, gestionar el mercado europeo, y prever cada situaci\u00f3n. Mientras ahorras tiempo y recursos automatizando la creaci\u00f3n de facturas recurrentes, y mucho m\u00e1s\u2026 Tryton ERP se conecta con sistemas de n\u00f3minas y plataformas de comercio electr\u00f3nico. Adem\u00e1s de 60 d\u00edas, Pleo y Enable Banking, integrando toda tu informaci\u00f3n en un solo lugar. Por supuesto tambi\u00e9n est\u00e1 adaptado al Plan General Contable Espa\u00f1ol. \u00a1Tu viaje hac\u00eda el \u00e9xito financiero comienza aqu\u00ed, desde el propio ERP!<\/p>\n\n\t\t<\/div>\n\t<\/div>\n<\/div><\/div><\/div><\/div><div class=\"vc_row wpb_row vc_row-fluid\"><div class=\"wpb_column vc_column_container vc_col-sm-12\"><div class=\"vc_column-inner vc_custom_1722531099823\"><div class=\"wpb_wrapper\">\n\t<div  class=\"wpb_single_image wpb_content_element vc_align_center wpb_content_element\">\n\t\t\n\t\t<figure class=\"wpb_wrapper vc_figure\">\n\t\t\t<div class=\"vc_single_image-wrapper   vc_box_border_grey\"><img decoding=\"async\" width=\"2560\" height=\"1309\" src=\"https:\/\/datalifeit.es\/wp-content\/uploads\/2024\/08\/tryton_erp_gestion_financiera-scaled.webp\" class=\"vc_single_image-img attachment-full\" alt=\"Gesti\u00f3n Financiera, Tryton ERP\" title=\"\" srcset=\"https:\/\/datalifeit.es\/wp-content\/uploads\/2024\/08\/tryton_erp_gestion_financiera-scaled.webp 2560w, https:\/\/datalifeit.es\/wp-content\/uploads\/2024\/08\/tryton_erp_gestion_financiera-300x153.webp 300w, https:\/\/datalifeit.es\/wp-content\/uploads\/2024\/08\/tryton_erp_gestion_financiera-1024x524.webp 1024w, https:\/\/datalifeit.es\/wp-content\/uploads\/2024\/08\/tryton_erp_gestion_financiera-768x393.webp 768w, https:\/\/datalifeit.es\/wp-content\/uploads\/2024\/08\/tryton_erp_gestion_financiera-1536x785.webp 1536w, https:\/\/datalifeit.es\/wp-content\/uploads\/2024\/08\/tryton_erp_gestion_financiera-2048x1047.webp 2048w, https:\/\/datalifeit.es\/wp-content\/uploads\/2024\/08\/tryton_erp_gestion_financiera-18x9.webp 18w\" sizes=\"(max-width: 2560px) 100vw, 2560px\" \/><\/div>\n\t\t<\/figure>\n\t<\/div>\n<\/div><\/div><\/div><\/div>\n<\/div>","protected":false},"excerpt":{"rendered":"Registra todas las transacciones en tu esquema de cuentas Tryton ERP se ocupa de la administraci\u00f3n y control de los recursos econ\u00f3micos de una empresa a trav\u00e9s del m\u00f3dulo de \u201cGesti\u00f3n financiera\u201d. Esta funcionalidad te ayudar\u00e1 a alcanzar tus objetivos financieros. Tambi\u00e9n te permitir\u00e1 tomar decisiones informadas, optimizar el uso de los recursos y maximizar [...]","protected":false},"author":1,"featured_media":40240,"parent":13468,"menu_order":0,"comment_status":"closed","ping_status":"closed","template":"one-page-template.php","meta":{"footnotes":""},"class_list":["post-40233","page","type-page","status-publish","has-post-thumbnail","hentry"],"yoast_head":"<!-- This site is optimized with the Yoast SEO plugin v27.0 - https:\/\/yoast.com\/product\/yoast-seo-wordpress\/ -->\n<title>M\u00f3dulo Gesti\u00f3n Financiera de Tryton ERP - Datalife<\/title>\n<meta name=\"robots\" content=\"index, follow, max-snippet:-1, max-image-preview:large, max-video-preview:-1\" \/>\n<link rel=\"canonical\" href=\"https:\/\/datalifeit.es\/en\/tryton-erp\/modulo-gestion-financiera-de-tryton-erp\/\" \/>\n<meta property=\"og:locale\" content=\"en_US\" \/>\n<meta property=\"og:type\" content=\"article\" \/>\n<meta property=\"og:title\" content=\"M\u00f3dulo Gesti\u00f3n Financiera de Tryton ERP - Datalife\" \/>\n<meta property=\"og:url\" content=\"https:\/\/datalifeit.es\/en\/tryton-erp\/modulo-gestion-financiera-de-tryton-erp\/\" \/>\n<meta property=\"og:site_name\" content=\"Datalife\" \/>\n<meta property=\"article:publisher\" content=\"https:\/\/www.facebook.com\/profile.php?id=61551346360928\" \/>\n<meta property=\"article:modified_time\" content=\"2024-08-01T20:42:20+00:00\" \/>\n<meta property=\"og:image\" content=\"https:\/\/datalifeit.es\/wp-content\/uploads\/2024\/08\/tryton_erp_gestion_financiera-scaled.webp\" \/>\n\t<meta property=\"og:image:width\" content=\"2560\" \/>\n\t<meta property=\"og:image:height\" content=\"1309\" \/>\n\t<meta property=\"og:image:type\" content=\"image\/webp\" \/>\n<meta name=\"twitter:card\" content=\"summary_large_image\" \/>\n<meta name=\"twitter:label1\" content=\"Est. reading time\" \/>\n\t<meta name=\"twitter:data1\" content=\"3 minutes\" \/>\n<script type=\"application\/ld+json\" class=\"yoast-schema-graph\">{\"@context\":\"https:\/\/schema.org\",\"@graph\":[{\"@type\":\"WebPage\",\"@id\":\"https:\/\/datalifeit.es\/tryton-erp\/modulo-gestion-financiera-de-tryton-erp\/\",\"url\":\"https:\/\/datalifeit.es\/tryton-erp\/modulo-gestion-financiera-de-tryton-erp\/\",\"name\":\"M\u00f3dulo Gesti\u00f3n Financiera de Tryton ERP - Datalife\",\"isPartOf\":{\"@id\":\"https:\/\/datalifeit.es\/#website\"},\"primaryImageOfPage\":{\"@id\":\"https:\/\/datalifeit.es\/tryton-erp\/modulo-gestion-financiera-de-tryton-erp\/#primaryimage\"},\"image\":{\"@id\":\"https:\/\/datalifeit.es\/tryton-erp\/modulo-gestion-financiera-de-tryton-erp\/#primaryimage\"},\"thumbnailUrl\":\"https:\/\/datalifeit.es\/wp-content\/uploads\/2024\/08\/tryton_erp_gestion_financiera-scaled.webp\",\"datePublished\":\"2024-08-01T08:25:05+00:00\",\"dateModified\":\"2024-08-01T20:42:20+00:00\",\"breadcrumb\":{\"@id\":\"https:\/\/datalifeit.es\/tryton-erp\/modulo-gestion-financiera-de-tryton-erp\/#breadcrumb\"},\"inLanguage\":\"en-US\",\"potentialAction\":[{\"@type\":\"ReadAction\",\"target\":[\"https:\/\/datalifeit.es\/tryton-erp\/modulo-gestion-financiera-de-tryton-erp\/\"]}]},{\"@type\":\"ImageObject\",\"inLanguage\":\"en-US\",\"@id\":\"https:\/\/datalifeit.es\/tryton-erp\/modulo-gestion-financiera-de-tryton-erp\/#primaryimage\",\"url\":\"https:\/\/datalifeit.es\/wp-content\/uploads\/2024\/08\/tryton_erp_gestion_financiera-scaled.webp\",\"contentUrl\":\"https:\/\/datalifeit.es\/wp-content\/uploads\/2024\/08\/tryton_erp_gestion_financiera-scaled.webp\",\"width\":2560,\"height\":1309,\"caption\":\"Gesti\u00f3n Financiera, Tryton ERP\"},{\"@type\":\"BreadcrumbList\",\"@id\":\"https:\/\/datalifeit.es\/tryton-erp\/modulo-gestion-financiera-de-tryton-erp\/#breadcrumb\",\"itemListElement\":[{\"@type\":\"ListItem\",\"position\":1,\"name\":\"Portada\",\"item\":\"https:\/\/datalifeit.es\/\"},{\"@type\":\"ListItem\",\"position\":2,\"name\":\"Tryton ERP\",\"item\":\"https:\/\/datalifeit.es\/tryton-erp\/\"},{\"@type\":\"ListItem\",\"position\":3,\"name\":\"M\u00f3dulo Gesti\u00f3n Financiera de Tryton ERP\"}]},{\"@type\":\"WebSite\",\"@id\":\"https:\/\/datalifeit.es\/#website\",\"url\":\"https:\/\/datalifeit.es\/\",\"name\":\"Datalife\",\"description\":\"Datalife - Consultor\u00eda e implantaci\u00f3n de ERP\",\"publisher\":{\"@id\":\"https:\/\/datalifeit.es\/#organization\"},\"potentialAction\":[{\"@type\":\"SearchAction\",\"target\":{\"@type\":\"EntryPoint\",\"urlTemplate\":\"https:\/\/datalifeit.es\/?s={search_term_string}\"},\"query-input\":{\"@type\":\"PropertyValueSpecification\",\"valueRequired\":true,\"valueName\":\"search_term_string\"}}],\"inLanguage\":\"en-US\"},{\"@type\":\"Organization\",\"@id\":\"https:\/\/datalifeit.es\/#organization\",\"name\":\"Datalife\",\"alternateName\":\"Datalife\",\"url\":\"https:\/\/datalifeit.es\/\",\"logo\":{\"@type\":\"ImageObject\",\"inLanguage\":\"en-US\",\"@id\":\"https:\/\/datalifeit.es\/#\/schema\/logo\/image\/\",\"url\":\"https:\/\/datalifeit.es\/wp-content\/uploads\/2023\/10\/logo_newsletter.png\",\"contentUrl\":\"https:\/\/datalifeit.es\/wp-content\/uploads\/2023\/10\/logo_newsletter.png\",\"width\":250,\"height\":67,\"caption\":\"Datalife\"},\"image\":{\"@id\":\"https:\/\/datalifeit.es\/#\/schema\/logo\/image\/\"},\"sameAs\":[\"https:\/\/www.facebook.com\/profile.php?id=61551346360928\",\"https:\/\/www.linkedin.com\/company\/datalifeit\/\"]}]}<\/script>\n<!-- \/ Yoast SEO plugin. -->","yoast_head_json":{"title":"M\u00f3dulo Gesti\u00f3n Financiera de Tryton ERP - Datalife","robots":{"index":"index","follow":"follow","max-snippet":"max-snippet:-1","max-image-preview":"max-image-preview:large","max-video-preview":"max-video-preview:-1"},"canonical":"https:\/\/datalifeit.es\/en\/tryton-erp\/modulo-gestion-financiera-de-tryton-erp\/","og_locale":"en_US","og_type":"article","og_title":"M\u00f3dulo Gesti\u00f3n Financiera de Tryton ERP - Datalife","og_url":"https:\/\/datalifeit.es\/en\/tryton-erp\/modulo-gestion-financiera-de-tryton-erp\/","og_site_name":"Datalife","article_publisher":"https:\/\/www.facebook.com\/profile.php?id=61551346360928","article_modified_time":"2024-08-01T20:42:20+00:00","og_image":[{"width":2560,"height":1309,"url":"https:\/\/datalifeit.es\/wp-content\/uploads\/2024\/08\/tryton_erp_gestion_financiera-scaled.webp","type":"image\/webp"}],"twitter_card":"summary_large_image","twitter_misc":{"Est. reading time":"3 minutes"},"schema":{"@context":"https:\/\/schema.org","@graph":[{"@type":"WebPage","@id":"https:\/\/datalifeit.es\/tryton-erp\/modulo-gestion-financiera-de-tryton-erp\/","url":"https:\/\/datalifeit.es\/tryton-erp\/modulo-gestion-financiera-de-tryton-erp\/","name":"M\u00f3dulo Gesti\u00f3n Financiera de Tryton ERP - Datalife","isPartOf":{"@id":"https:\/\/datalifeit.es\/#website"},"primaryImageOfPage":{"@id":"https:\/\/datalifeit.es\/tryton-erp\/modulo-gestion-financiera-de-tryton-erp\/#primaryimage"},"image":{"@id":"https:\/\/datalifeit.es\/tryton-erp\/modulo-gestion-financiera-de-tryton-erp\/#primaryimage"},"thumbnailUrl":"https:\/\/datalifeit.es\/wp-content\/uploads\/2024\/08\/tryton_erp_gestion_financiera-scaled.webp","datePublished":"2024-08-01T08:25:05+00:00","dateModified":"2024-08-01T20:42:20+00:00","breadcrumb":{"@id":"https:\/\/datalifeit.es\/tryton-erp\/modulo-gestion-financiera-de-tryton-erp\/#breadcrumb"},"inLanguage":"en-US","potentialAction":[{"@type":"ReadAction","target":["https:\/\/datalifeit.es\/tryton-erp\/modulo-gestion-financiera-de-tryton-erp\/"]}]},{"@type":"ImageObject","inLanguage":"en-US","@id":"https:\/\/datalifeit.es\/tryton-erp\/modulo-gestion-financiera-de-tryton-erp\/#primaryimage","url":"https:\/\/datalifeit.es\/wp-content\/uploads\/2024\/08\/tryton_erp_gestion_financiera-scaled.webp","contentUrl":"https:\/\/datalifeit.es\/wp-content\/uploads\/2024\/08\/tryton_erp_gestion_financiera-scaled.webp","width":2560,"height":1309,"caption":"Gesti\u00f3n Financiera, Tryton ERP"},{"@type":"BreadcrumbList","@id":"https:\/\/datalifeit.es\/tryton-erp\/modulo-gestion-financiera-de-tryton-erp\/#breadcrumb","itemListElement":[{"@type":"ListItem","position":1,"name":"Portada","item":"https:\/\/datalifeit.es\/"},{"@type":"ListItem","position":2,"name":"Tryton ERP","item":"https:\/\/datalifeit.es\/tryton-erp\/"},{"@type":"ListItem","position":3,"name":"M\u00f3dulo Gesti\u00f3n Financiera de Tryton ERP"}]},{"@type":"WebSite","@id":"https:\/\/datalifeit.es\/#website","url":"https:\/\/datalifeit.es\/","name":"Datalife","description":"Datalife - Consultor\u00eda e implantaci\u00f3n de ERP","publisher":{"@id":"https:\/\/datalifeit.es\/#organization"},"potentialAction":[{"@type":"SearchAction","target":{"@type":"EntryPoint","urlTemplate":"https:\/\/datalifeit.es\/?s={search_term_string}"},"query-input":{"@type":"PropertyValueSpecification","valueRequired":true,"valueName":"search_term_string"}}],"inLanguage":"en-US"},{"@type":"Organization","@id":"https:\/\/datalifeit.es\/#organization","name":"Datalife","alternateName":"Datalife","url":"https:\/\/datalifeit.es\/","logo":{"@type":"ImageObject","inLanguage":"en-US","@id":"https:\/\/datalifeit.es\/#\/schema\/logo\/image\/","url":"https:\/\/datalifeit.es\/wp-content\/uploads\/2023\/10\/logo_newsletter.png","contentUrl":"https:\/\/datalifeit.es\/wp-content\/uploads\/2023\/10\/logo_newsletter.png","width":250,"height":67,"caption":"Datalife"},"image":{"@id":"https:\/\/datalifeit.es\/#\/schema\/logo\/image\/"},"sameAs":["https:\/\/www.facebook.com\/profile.php?id=61551346360928","https:\/\/www.linkedin.com\/company\/datalifeit\/"]}]}},"_links":{"self":[{"href":"https:\/\/datalifeit.es\/en\/wp-json\/wp\/v2\/pages\/40233","targetHints":{"allow":["GET"]}}],"collection":[{"href":"https:\/\/datalifeit.es\/en\/wp-json\/wp\/v2\/pages"}],"about":[{"href":"https:\/\/datalifeit.es\/en\/wp-json\/wp\/v2\/types\/page"}],"author":[{"embeddable":true,"href":"https:\/\/datalifeit.es\/en\/wp-json\/wp\/v2\/users\/1"}],"replies":[{"embeddable":true,"href":"https:\/\/datalifeit.es\/en\/wp-json\/wp\/v2\/comments?post=40233"}],"version-history":[{"count":18,"href":"https:\/\/datalifeit.es\/en\/wp-json\/wp\/v2\/pages\/40233\/revisions"}],"predecessor-version":[{"id":40237,"href":"https:\/\/datalifeit.es\/en\/wp-json\/wp\/v2\/pages\/40233\/revisions\/40237"}],"up":[{"embeddable":true,"href":"https:\/\/datalifeit.es\/en\/wp-json\/wp\/v2\/pages\/13468"}],"wp:featuredmedia":[{"embeddable":true,"href":"https:\/\/datalifeit.es\/en\/wp-json\/wp\/v2\/media\/40240"}],"wp:attachment":[{"href":"https:\/\/datalifeit.es\/en\/wp-json\/wp\/v2\/media?parent=40233"}],"curies":[{"name":"wp","href":"https:\/\/api.w.org\/{rel}","templated":true}]}}