{"id":3,"date":"2019-05-13T20:51:36","date_gmt":"2019-05-13T18:51:36","guid":{"rendered":"https:\/\/datalifeit.es\/?page_id=3"},"modified":"2019-07-03T22:08:14","modified_gmt":"2019-07-03T20:08:14","slug":"politica-privacidad","status":"publish","type":"page","link":"https:\/\/datalifeit.es\/en\/politica-privacidad\/","title":{"rendered":"Pol\u00edtica de privacidad"},"content":{"rendered":"<div class=\"wpb-content-wrapper\"><div class=\"vc_row wpb_row vc_row-fluid vc_custom_1559763350613\"><div class=\"wpb_column vc_column_container vc_col-sm-12\"><div class=\"vc_column-inner\"><div class=\"wpb_wrapper\"><div class=\"ult-animation  ult-animate-viewport  ult-no-mobile\" data-animate=\"fadeInUp\" data-animation-delay=\"0.3\" data-animation-duration=\"1\" data-animation-iteration=\"1\" style=\"opacity:0;\" data-opacity_start_effect=\"\"><div id=\"ultimate-heading-109669eae3208659f\" class=\"uvc-heading ult-adjust-bottom-margin ultimate-heading-109669eae3208659f uvc-5755\" data-hspacer=\"no_spacer\"  data-halign=\"left\" style=\"text-align:left\"><div class=\"uvc-heading-spacer no_spacer\" style=\"top\"><\/div><div class=\"uvc-main-heading ult-responsive\"  data-ultimate-target='.uvc-heading.ultimate-heading-109669eae3208659f h1'  data-responsive-json-new='{\"font-size\":\"\",\"line-height\":\"\"}' ><h1 style=\"font-weight:normal;color:__USE_THEME_MAIN_COLOR__;\">Pol\u00edtica de privacidad<\/h1><\/div><\/div><div class=\"vc_empty_space\"   style=\"height: 25px\"><span class=\"vc_empty_space_inner\"><\/span><\/div><\/div><\/div><\/div><\/div><\/div><!-- Row Backgrounds --><div class=\"upb_color\" data-bg-override=\"ex-full\" data-bg-color=\"#f2f2f2\" data-fadeout=\"\" data-fadeout-percentage=\"30\" data-parallax-content=\"\" data-parallax-content-sense=\"30\" data-row-effect-mobile-disable=\"true\" data-img-parallax-mobile-disable=\"true\" data-rtl=\"false\"  data-custom-vc-row=\"\"  data-vc=\"8.3.1\"  data-is_old_vc=\"\"  data-theme-support=\"\"   data-overlay=\"false\" data-overlay-color=\"\" data-overlay-pattern=\"\" data-overlay-pattern-opacity=\"\" data-overlay-pattern-size=\"\"    data-seperator=\"true\"  data-seperator-type=\"tilt_left_seperator\"  data-seperator-shape-size=\"40\"  data-seperator-svg-height=\"80\"  data-seperator-full-width=\"true\" data-seperator-position=\"bottom_seperator\"  data-seperator-background-color=\"#ffffff\"  data-icon=\"\"  ><\/div><div class=\"vc_row wpb_row vc_row-fluid\"><div class=\"wpb_column vc_column_container vc_col-sm-12\"><div class=\"vc_column-inner\"><div class=\"wpb_wrapper\">\n\t<div class=\"wpb_text_column wpb_content_element\" >\n\t\t<div class=\"wpb_wrapper\">\n\t\t\t<p>Datalife S. Coop te informa sobre su Pol\u00edtica de Privacidad respecto del tratamiento y protecci\u00f3n de los datos de car\u00e1cter personal de los usuarios y clientes que puedan ser recabados por la navegaci\u00f3n o contrataci\u00f3n de servicios a trav\u00e9s del sitio Web\u00a0<a href=\"https:\/\/datalifeit.es\/en\/\">https:\/\/datalifeit.es<\/a>.<\/p>\n<p>En este sentido, Datalife S. Coop garantiza el cumplimiento de la normativa vigente en materia de protecci\u00f3n de datos personales, reflejada en la Ley Org\u00e1nica 3\/2018, de 5 de diciembre, de Protecci\u00f3n de Datos Personales y de Garant\u00eda de Derechos Digitales (LOPD GDD). Cumple tambi\u00e9n con el Reglamento (UE) 2016\/679 del Parlamento Europeo y del Consejo de 27 de abril de 2016 relativo a la protecci\u00f3n de las personas f\u00edsicas (RGPD).<\/p>\n<p>El uso de sitio Web implica la aceptaci\u00f3n de esta Pol\u00edtica de Privacidad .<\/p>\n<h2 class=\"wp-block-heading\">Identidad del responsable<\/h2>\n<ul>\n<li><b>Titular:<\/b>\u00a0Datalife S. Coop.<\/li>\n<li><b>NIF:<\/b>\u00a0F73794299<\/li>\n<li><b>Domicilio:<\/b>\u00a0Calle Peru 5, Alcantarilla, Murcia &#8211; Espa\u00f1a.<\/li>\n<li><b>Correo electr\u00f3nico:<\/b>\u00a0info@fatalifeit.es<\/li>\n<li><b>Sitio Web:<\/b>\u00a0<a href=\"https:\/\/datalifeit.es\/en\/\">https:\/\/datalifeit.es<\/a><\/li>\n<\/ul>\n<h2>Principios aplicados en el tratamiento de datos<\/h2>\n<p>En el tratamiento de tus datos personales, el Titular aplicar\u00e1 los siguientes principios que se ajustan a las exigencias del nuevo reglamento europeo de protecci\u00f3n de datos (RGPD):<\/p>\n<ul>\n<li><b>Principio de licitud, lealtad y transparencia:<\/b>\u00a0El Titular siempre requerir\u00e1 el consentimiento para el tratamiento de los datos personales que puede ser para uno o varios fines espec\u00edficos sobre los que el Titular informar\u00e1 al Usuario previamente con absoluta transparencia.<\/li>\n<li><b>Principio de minimizaci\u00f3n de datos:<\/b>\u00a0El Titular solicitar\u00e1 solo los datos estrictamente necesarios para el fin o los fines que los solicita.<\/li>\n<li><b>Principio de limitaci\u00f3n del plazo de conservaci\u00f3n:<\/b>\u00a0El Titular mantendr\u00e1 los datos personales recabados durante el tiempo estrictamente necesario para el fin o los fines del tratamiento. El Titular informar\u00e1 al Usuario del plazo de conservaci\u00f3n correspondiente seg\u00fan la finalidad.\u00a0<br \/>En el caso de suscripciones, el Titular revisar\u00e1 peri\u00f3dicamente las listas y eliminar\u00e1 aquellos registros inactivos durante un tiempo considerable.<\/li>\n<li><b>Principio de integridad y confidencialidad:<\/b>\u00a0Los datos personales recabados ser\u00e1n tratados de tal manera que su seguridad, confidencialidad e integridad est\u00e9 garantizada. <br \/>El Titular toma las precauciones necesarias para evitar el acceso no autorizado o uso indebido de los datos de sus usuarios por parte de terceros.<\/li>\n<\/ul>\n<h2>Obtenci\u00f3n de datos personales<\/h2>\n<p>Para navegar por\u00a0<a href=\"https:\/\/datalifeit.es\/en\/\">https:\/\/datalifeit.es<\/a>\u00a0no es necesario que facilites ning\u00fan dato personal.<\/p>\n<p>Los casos en los que s\u00ed proporcionas tus datos personales son los siguientes:<\/p>\n<ul>\n<li>Al contactar a trav\u00e9s de los formularios de contacto o enviar un correo electr\u00f3nico.<\/li>\n<\/ul>\n<h2>Derechos<\/h2>\n<p>El Titular te informa que sobre tus datos personales tienes derecho a:<\/p>\n<ul>\n<li>Solicitar el acceso a los datos almacenados.<\/li>\n<li>Solicitar una rectificaci\u00f3n o la cancelaci\u00f3n.<\/li>\n<li>Solicitar la limitaci\u00f3n de su tratamiento.<\/li>\n<li>Oponerteal tratamiento.<\/li>\n<\/ul>\n<p>No puedes ejercitar el derecho a la portabilidad de los datos.<\/p>\n<p>El ejercicio de estos derechos es personal y por tanto debe ser ejercido directamente por el interesado, solicit\u00e1ndolo directamente al Titular, lo que significa que cualquier cliente, suscriptor o colaborador que haya facilitado sus datos en alg\u00fan momento, puede dirigirse a Datalife S. Coop y pedir informaci\u00f3n sobre los datos que tiene almacenados y c\u00f3mo los ha obtenido, solicitar la rectificaci\u00f3n de los mismos, oponerse al tratamiento, limitar su uso o solicitar la cancelaci\u00f3n de esos datos en los ficheros del Titular.<\/p>\n<p>Para ejercitar tus derechos de acceso, rectificaci\u00f3n, cancelaci\u00f3ny oposici\u00f3n tienes que enviar un correo electr\u00f3nico a info@fatalifeit.es junto con la prueba v\u00e1lida en derecho como una fotocopia del D.N.I. o equivalente.<\/p>\n<p>Tienes derecho a la tutela judicial efectiva y a presentar una reclamaci\u00f3n ante la autoridad de control, en este caso, la Agencia Espa\u00f1ola de Protecci\u00f3n de Datos, si consideras que el tratamiento de datos personales que te conciernen infringe el Reglamento.<\/p>\n<h2>Finalidad del tratamiento de datos personales<\/h2>\n<p>Cuando te conectas al sitio Web para mandar un correo al Titular, te suscribes a su bolet\u00edn o realizas una contrataci\u00f3n, est\u00e1s facilitando informaci\u00f3n de car\u00e1cter personal de la que el responsable es Datalife S. Coop. Esta informaci\u00f3n puede incluir datos de car\u00e1cter personal como pueden ser tu direcci\u00f3n IP, nombre y apellidos, direcci\u00f3n f\u00edsica, direcci\u00f3n de correo electr\u00f3nico, n\u00famero de tel\u00e9fono, y otra informaci\u00f3n. Al facilitar esta informaci\u00f3n, das tu consentimiento para que tu informaci\u00f3n sea recopilada, utilizada, gestionada y almacenada por \u2014 Datalife S. Coop \u2014<\/p>\n<p>Los datos personales y la finalidad del tratamiento por parte del Titular es diferente seg\u00fan el sistema de captura de informaci\u00f3n:<\/p>\n<ul>\n<li><b>Formularios de contacto:<\/b>\u00a0El Titular solicita datos personales entre los que pueden estar: Nombre y apellidos, direcci\u00f3n de correo electr\u00f3nico, n\u00famero de tel\u00e9fono y direcci\u00f3n de sitio Web con la finalidad de responder las consultas de los Usuarios.<br \/>Por ejemplo, Datalife S. Coop utiliza esos datos para dar respuesta a mensajes, dudas, quejas, comentarios o inquietudes que pueden tener los Usuarios relativas a la informaci\u00f3n incluida en el sitio Web, los servicios que se prestan a trav\u00e9s del sitio Web, el tratamiento de los datos personales, cuestiones referentes a los textos legales incluidos en el sitio Web, as\u00ed como cualquier otra consulta que el Usuario pueda tener y que no est\u00e9 sujeta a las condiciones del sitio Web o de la contrataci\u00f3n.<\/li>\n<\/ul>\n<p>Existen otras finalidades por las que el Titular trata datos personales:<\/p>\n<ul>\n<li>Para garantizar el cumplimiento de las condiciones recogidas en la ley aplicable. Esto puede incluir el desarrollo de herramientas y algoritmos que ayuden a este sitio Web a garantizar la confidencialidad de los datos personales que recoge.<\/li>\n<li>Para apoyar y mejorar los servicios que ofrece este sitio Web.<\/li>\n<li>Para analizar la navegaci\u00f3n de los usuarios. El Titular recoge otros datos no identificativos que se obtienen mediante el uso de cookies que se descargan en el ordenador del Usuario cuando navega por el sitio Web cuyas caracter\u00edsiticas y finalidad est\u00e1n detalladas en la\u00a0<a href=\"https:\/\/datalifeit.es\/en\/politica-de-cookies\/\">Pol\u00edtica de Cookies<\/a>\u00a0.<\/li>\n<\/ul>\n<h2>Seguridad de los datos personales<\/h2>\n<p>Para proteger tus datos personales, el Titular toma todas las precauciones razonables y sigue las mejores pr\u00e1cticas de la industria para evitar su p\u00e9rdida, mal uso, acceso indebido, divulgaci\u00f3n, alteraci\u00f3n o destrucci\u00f3n de los mismos.<\/p>\n<p>Tus datos podr\u00e1n ser incorporados a un fichero de lista de correo, del cual Datalife S. Coop es responsable de su gesti\u00f3n y tratamiento. La seguridad de tus datos est\u00e1 garantizada, ya que Datalife S. Coop toma todas las medidas de seguridad necesarias y te garantiza que los datos personales s\u00f3lo se usar\u00e1n para las finalidades dadas.<\/p>\n<p>Datalife S. Coop informa al Usuario de que sus datos personales no ser\u00e1n cedidos a terceras organizaciones, con la salvedad de que dicha cesi\u00f3n de datos est\u00e9 amparada en una obligaci\u00f3n legal o cuando la prestaci\u00f3n de un servicio implique la necesidad de una relaci\u00f3n contractual con un encargado de tratamiento. En este \u00faltimo caso, solo se llevar\u00e1 a cabo la cesi\u00f3n de datos al tercero cuando Datalife S. Coop disponga del consentimiento expreso del Usuario.<\/p>\n<p>Sin embargo, en algunos casos se pueden realizar colaboraciones con otros profesionales, en esos casos, se requerir\u00e1 consentimiento al Usuario informando sobre la identidad del colaborador y la finalidad de la colaboraci\u00f3n. Siempre se realizar\u00e1 con los m\u00e1s estrictos est\u00e1ndares de seguridad.<\/p>\n<h2>Contenido de otros sitios web<\/h2>\n<p>Las p\u00e1ginas de este sitio Web pueden incluir contenido incrustado (por ejemplo, v\u00eddeos, im\u00e1genes, art\u00edculos, etc.). El contenido incrustado de otras web se comporta exactamente de la misma manera que si hubieras visitado la otra web.<\/p>\n<p>Estos sitios Web pueden recopilar datos sobre ti, utilizar cookies, incrustar un c\u00f3digo de seguimiento adicional de terceros, y supervisar tu interacci\u00f3n usando este c\u00f3digo.<\/p>\n<h2>Pol\u00edtica de Cookies<\/h2>\n<p>Para que este sitio Web funcione correctamente necesita utilizar cookies, que es una informaci\u00f3n que se almacena en tu navegador web.<\/p>\n<p>En la p\u00e1gina\u00a0<a href=\"https:\/\/datalifeit.es\/en\/politica-de-cookies\/\">Pol\u00edtica de Cookies<\/a>\u00a0puedes consultar toda la informaci\u00f3n relativa a la pol\u00edtica de recogida, la finalidad y el tratamiento de las cookies.<\/p>\n<h2>Legitimaci\u00f3n para el tratamiento de datos<\/h2>\n<p>La base legal para el tratamiento de tus datos es: el consentimiento.<\/p>\n<p>Para contactar con el Titular, suscribirte a un bolet\u00edn o realizar comentarios en este sitio Web tienes que aceptar la presente Pol\u00edtica de Privacidad.<\/p>\n<h2>Categor\u00edas de datos personales<\/h2>\n<p>Las categor\u00edas de datos personales que trata el Titular son:<\/p>\n<ul>\n<li>Datos identificativos.<\/li>\n<li>No se tratan categor\u00edas de datos especialmente protegidos.<\/li>\n<\/ul>\n<h2>Conservaci\u00f3n de datos personales<\/h2>\n<p>Los datos personales que proporciones al Titular se conservar\u00e1n hasta que solicites su supresi\u00f3n.<\/p>\n<div id=\"destinatarios\">\n<h2>Destinatarios de datos personales<\/h2>\n<ul>\n<li><b>Google Analytics<\/b>\u00a0es un servicio de anal\u00edtica web prestado por Google, Inc., una compa\u00f1\u00eda de Delaware cuya oficina principal est\u00e1 en 1600 Amphitheatre Parkway, Mountain View (California), CA 94043, Estados Unidos (&#8220;Google&#8221;).\u00a0<br \/>M\u00e1s informaci\u00f3n en:\u00a0<a href=\"https:\/\/analytics.google.com\/analytics\/web\/\" target=\"_blank\" rel=\"nofollow noopener noreferrer\">https:\/\/analytics.google.com<\/a>\u00a0<br \/>Google Analytics utiliza &#8220;cookies&#8221;, que son archivos de texto ubicados en tu ordenador, para ayudar al Titular a analizar el uso que hacen los Usuarios del sitio Web. La informaci\u00f3n que genera la cookie acerca del uso del sitio Web (incluyendo la direcci\u00f3n IP) ser\u00e1 directamente transmitida y archivada por Google en los servidores de Estados Unidos.<\/li>\n<\/ul>\n<\/div>\n<p>En la p\u00e1gina de\u00a0<a href=\"https:\/\/policies.google.com\/privacy?hl=es\" target=\"_blank\" rel=\"nofollow noopener noreferrer\">Pol\u00edtica de privacidad de Google<\/a>\u00a0se explica c\u00f3mo Google gestiona la privacidad en lo que respecta al uso de las cookies y otra informaci\u00f3n.<\/p>\n<p>Tambi\u00e9n puedes ver una lista de los\u00a0<a href=\"https:\/\/policies.google.com\/technologies\/types?hl=es\" target=\"_blank\" rel=\"nofollow noopener noreferrer\">tipos de cookies<\/a>\u00a0que utiliza Google y sus colaboradores y toda la informaci\u00f3n relativa al uso que hacen de las\u00a0<a href=\"https:\/\/policies.google.com\/technologies\/ads?hl=es\" target=\"_blank\" rel=\"nofollow noopener noreferrer\">cookies publicitarias<\/a>.<\/p>\n<h2>Navegaci\u00f3n Web<\/h2>\n<p>Al navegar por\u00a0<a href=\"https:\/\/datalifeit.es\/en\/\">https:\/\/datalifeit.es<\/a>\u00a0se pueden recoger datos no identificativos, que pueden incluir, la direcci\u00f3n IP, geolocalizaci\u00f3n, un registro de c\u00f3mo se utilizan los servicios y sitios, h\u00e1bitos de navegaci\u00f3n y otros datos que no pueden ser utilizados para identificarte.<\/p>\n<p>El sitio Web utiliza los siguientes servicios de an\u00e1lisis de terceros:<\/p>\n<ul>\n<li>Google Analytics<\/li>\n<\/ul>\n<p>El Titular utiliza la informaci\u00f3n obtenida para obtener datos estad\u00edsticos, analizar tendencias, administrar el sitio, estudiar patrones de navegaci\u00f3n y para recopilar informaci\u00f3n demogr\u00e1fica.<\/p>\n<h2>Exactitud y veracidad de los datos personales<\/h2>\n<p>Te comprometes a que los datos facilitados al Titular sean correctos, completos, exactos y vigentes, as\u00ed como a mantenerlos debidamente actualizados.<\/p>\n<p>Como Usuario del sitio Web eres el \u00fanico responsable de la veracidad y correcci\u00f3n de los datos remitidos al sitio Web exonerando a Datalife S. Coop de cualquier responsabilidad al respecto.<\/p>\n<h2>Aceptaci\u00f3n y consentimiento<\/h2>\n<p>Como Usuario del sitio Web declaras haber sido informado de las condiciones sobre protecci\u00f3n de datos de car\u00e1cter personal, aceptas y consientes el tratamiento de los mismos por parte de Datalife S. Coop en la forma y para las finalidades indicadas en esta Pol\u00edtica de Privacidad.<\/p>\n<h2>Revocabilidad<\/h2>\n<p>Para ejercitar tus derechos de acceso, rectificaci\u00f3n, cancelaci\u00f3n y oposici\u00f3n tienes que enviar un correo electr\u00f3nico a info@fatalifeit.es junto con la prueba v\u00e1lida en derecho como una fotocopia del D.N.I. o equivalente.<\/p>\n<p>El ejercicio de estos derechos no incluye ning\u00fan dato que Datalife S. Coop est\u00e9 obligado a conservar con fines administrativos, legales o de seguridad.<\/p>\n<h2>Cambios en la Pol\u00edtica de Privacidad<\/h2>\n<p>El Titular se reserva el derecho a modificar la presente Pol\u00edtica de Privacidad para adaptarla a novedades legislativas o jurisprudenciales, as\u00ed como a pr\u00e1cticas de la industria.<\/p>\n<p>Estas pol\u00edticas estar\u00e1n vigentes hasta que sean modificadas por otras debidamente publicadas.<\/p>\n<p>&nbsp;<\/p>\n<p>&nbsp;<\/p>\n<p>&nbsp;<\/p>\n\n\t\t<\/div>\n\t<\/div>\n<\/div><\/div><\/div><\/div><\/div>","protected":false},"excerpt":{"rendered":"Pol\u00edtica de privacidad Datalife S. Coop te informa sobre su Pol\u00edtica de Privacidad respecto del tratamiento y protecci\u00f3n de los datos de car\u00e1cter personal de los usuarios y clientes que puedan ser recabados por la navegaci\u00f3n o contrataci\u00f3n de servicios a trav\u00e9s del sitio Web\u00a0https:\/\/datalifeit.es. En este sentido, Datalife S. Coop garantiza el cumplimiento de [...]","protected":false},"author":1,"featured_media":0,"parent":0,"menu_order":0,"comment_status":"closed","ping_status":"open","template":"page.php","meta":{"footnotes":""},"class_list":["post-3","page","type-page","status-publish","hentry"],"yoast_head":"<!-- This site is optimized with the Yoast SEO plugin v27.0 - https:\/\/yoast.com\/product\/yoast-seo-wordpress\/ -->\n<title>Pol\u00edtica de privacidad - Datalife<\/title>\n<meta name=\"robots\" content=\"index, follow, max-snippet:-1, max-image-preview:large, max-video-preview:-1\" \/>\n<link rel=\"canonical\" href=\"https:\/\/datalifeit.es\/en\/politica-privacidad\/\" \/>\n<meta property=\"og:locale\" content=\"en_US\" \/>\n<meta property=\"og:type\" content=\"article\" \/>\n<meta property=\"og:title\" content=\"Pol\u00edtica de privacidad - Datalife\" \/>\n<meta property=\"og:url\" content=\"https:\/\/datalifeit.es\/en\/politica-privacidad\/\" \/>\n<meta property=\"og:site_name\" content=\"Datalife\" \/>\n<meta property=\"article:publisher\" content=\"https:\/\/www.facebook.com\/profile.php?id=61551346360928\" \/>\n<meta property=\"article:modified_time\" content=\"2019-07-03T20:08:14+00:00\" \/>\n<meta name=\"twitter:card\" content=\"summary_large_image\" \/>\n<meta name=\"twitter:label1\" content=\"Est. reading time\" \/>\n\t<meta name=\"twitter:data1\" content=\"11 minutes\" \/>\n<script type=\"application\/ld+json\" class=\"yoast-schema-graph\">{\"@context\":\"https:\/\/schema.org\",\"@graph\":[{\"@type\":\"WebPage\",\"@id\":\"https:\/\/datalifeit.es\/politica-privacidad\/\",\"url\":\"https:\/\/datalifeit.es\/politica-privacidad\/\",\"name\":\"Pol\u00edtica de privacidad - Datalife\",\"isPartOf\":{\"@id\":\"https:\/\/datalifeit.es\/#website\"},\"datePublished\":\"2019-05-13T18:51:36+00:00\",\"dateModified\":\"2019-07-03T20:08:14+00:00\",\"breadcrumb\":{\"@id\":\"https:\/\/datalifeit.es\/politica-privacidad\/#breadcrumb\"},\"inLanguage\":\"en-US\",\"potentialAction\":[{\"@type\":\"ReadAction\",\"target\":[\"https:\/\/datalifeit.es\/politica-privacidad\/\"]}]},{\"@type\":\"BreadcrumbList\",\"@id\":\"https:\/\/datalifeit.es\/politica-privacidad\/#breadcrumb\",\"itemListElement\":[{\"@type\":\"ListItem\",\"position\":1,\"name\":\"Portada\",\"item\":\"https:\/\/datalifeit.es\/\"},{\"@type\":\"ListItem\",\"position\":2,\"name\":\"Pol\u00edtica de privacidad\"}]},{\"@type\":\"WebSite\",\"@id\":\"https:\/\/datalifeit.es\/#website\",\"url\":\"https:\/\/datalifeit.es\/\",\"name\":\"Datalife\",\"description\":\"Datalife - Consultor\u00eda e implantaci\u00f3n de ERP\",\"publisher\":{\"@id\":\"https:\/\/datalifeit.es\/#organization\"},\"potentialAction\":[{\"@type\":\"SearchAction\",\"target\":{\"@type\":\"EntryPoint\",\"urlTemplate\":\"https:\/\/datalifeit.es\/?s={search_term_string}\"},\"query-input\":{\"@type\":\"PropertyValueSpecification\",\"valueRequired\":true,\"valueName\":\"search_term_string\"}}],\"inLanguage\":\"en-US\"},{\"@type\":\"Organization\",\"@id\":\"https:\/\/datalifeit.es\/#organization\",\"name\":\"Datalife\",\"alternateName\":\"Datalife\",\"url\":\"https:\/\/datalifeit.es\/\",\"logo\":{\"@type\":\"ImageObject\",\"inLanguage\":\"en-US\",\"@id\":\"https:\/\/datalifeit.es\/#\/schema\/logo\/image\/\",\"url\":\"https:\/\/datalifeit.es\/wp-content\/uploads\/2023\/10\/logo_newsletter.png\",\"contentUrl\":\"https:\/\/datalifeit.es\/wp-content\/uploads\/2023\/10\/logo_newsletter.png\",\"width\":250,\"height\":67,\"caption\":\"Datalife\"},\"image\":{\"@id\":\"https:\/\/datalifeit.es\/#\/schema\/logo\/image\/\"},\"sameAs\":[\"https:\/\/www.facebook.com\/profile.php?id=61551346360928\",\"https:\/\/www.linkedin.com\/company\/datalifeit\/\"]}]}<\/script>\n<!-- \/ Yoast SEO plugin. -->","yoast_head_json":{"title":"Pol\u00edtica de privacidad - Datalife","robots":{"index":"index","follow":"follow","max-snippet":"max-snippet:-1","max-image-preview":"max-image-preview:large","max-video-preview":"max-video-preview:-1"},"canonical":"https:\/\/datalifeit.es\/en\/politica-privacidad\/","og_locale":"en_US","og_type":"article","og_title":"Pol\u00edtica de privacidad - Datalife","og_url":"https:\/\/datalifeit.es\/en\/politica-privacidad\/","og_site_name":"Datalife","article_publisher":"https:\/\/www.facebook.com\/profile.php?id=61551346360928","article_modified_time":"2019-07-03T20:08:14+00:00","twitter_card":"summary_large_image","twitter_misc":{"Est. reading time":"11 minutes"},"schema":{"@context":"https:\/\/schema.org","@graph":[{"@type":"WebPage","@id":"https:\/\/datalifeit.es\/politica-privacidad\/","url":"https:\/\/datalifeit.es\/politica-privacidad\/","name":"Pol\u00edtica de privacidad - Datalife","isPartOf":{"@id":"https:\/\/datalifeit.es\/#website"},"datePublished":"2019-05-13T18:51:36+00:00","dateModified":"2019-07-03T20:08:14+00:00","breadcrumb":{"@id":"https:\/\/datalifeit.es\/politica-privacidad\/#breadcrumb"},"inLanguage":"en-US","potentialAction":[{"@type":"ReadAction","target":["https:\/\/datalifeit.es\/politica-privacidad\/"]}]},{"@type":"BreadcrumbList","@id":"https:\/\/datalifeit.es\/politica-privacidad\/#breadcrumb","itemListElement":[{"@type":"ListItem","position":1,"name":"Portada","item":"https:\/\/datalifeit.es\/"},{"@type":"ListItem","position":2,"name":"Pol\u00edtica de privacidad"}]},{"@type":"WebSite","@id":"https:\/\/datalifeit.es\/#website","url":"https:\/\/datalifeit.es\/","name":"Datalife","description":"Datalife - Consultor\u00eda e implantaci\u00f3n de ERP","publisher":{"@id":"https:\/\/datalifeit.es\/#organization"},"potentialAction":[{"@type":"SearchAction","target":{"@type":"EntryPoint","urlTemplate":"https:\/\/datalifeit.es\/?s={search_term_string}"},"query-input":{"@type":"PropertyValueSpecification","valueRequired":true,"valueName":"search_term_string"}}],"inLanguage":"en-US"},{"@type":"Organization","@id":"https:\/\/datalifeit.es\/#organization","name":"Datalife","alternateName":"Datalife","url":"https:\/\/datalifeit.es\/","logo":{"@type":"ImageObject","inLanguage":"en-US","@id":"https:\/\/datalifeit.es\/#\/schema\/logo\/image\/","url":"https:\/\/datalifeit.es\/wp-content\/uploads\/2023\/10\/logo_newsletter.png","contentUrl":"https:\/\/datalifeit.es\/wp-content\/uploads\/2023\/10\/logo_newsletter.png","width":250,"height":67,"caption":"Datalife"},"image":{"@id":"https:\/\/datalifeit.es\/#\/schema\/logo\/image\/"},"sameAs":["https:\/\/www.facebook.com\/profile.php?id=61551346360928","https:\/\/www.linkedin.com\/company\/datalifeit\/"]}]}},"_links":{"self":[{"href":"https:\/\/datalifeit.es\/en\/wp-json\/wp\/v2\/pages\/3","targetHints":{"allow":["GET"]}}],"collection":[{"href":"https:\/\/datalifeit.es\/en\/wp-json\/wp\/v2\/pages"}],"about":[{"href":"https:\/\/datalifeit.es\/en\/wp-json\/wp\/v2\/types\/page"}],"author":[{"embeddable":true,"href":"https:\/\/datalifeit.es\/en\/wp-json\/wp\/v2\/users\/1"}],"replies":[{"embeddable":true,"href":"https:\/\/datalifeit.es\/en\/wp-json\/wp\/v2\/comments?post=3"}],"version-history":[{"count":0,"href":"https:\/\/datalifeit.es\/en\/wp-json\/wp\/v2\/pages\/3\/revisions"}],"wp:attachment":[{"href":"https:\/\/datalifeit.es\/en\/wp-json\/wp\/v2\/media?parent=3"}],"curies":[{"name":"wp","href":"https:\/\/api.w.org\/{rel}","templated":true}]}}