{"id":13464,"date":"2019-06-04T19:33:23","date_gmt":"2019-06-04T17:33:23","guid":{"rendered":"https:\/\/datalifeit.es\/?page_id=13464"},"modified":"2024-06-06T12:40:53","modified_gmt":"2024-06-06T10:40:53","slug":"4agro-solucion-vertical-agroalimentaria","status":"publish","type":"page","link":"https:\/\/datalifeit.es\/en\/4agro-solucion-vertical-agroalimentaria\/","title":{"rendered":"Foragro"},"content":{"rendered":"<div class=\"wpb-content-wrapper\"><div class=\"vc_row wpb_row vc_row-fluid cabeceragrispagina1linea\"><div class=\"wpb_column vc_column_container vc_col-sm-6\"><div class=\"vc_column-inner\"><div class=\"wpb_wrapper\"><div class=\"ult-animation  ult-animate-viewport  ult-no-mobile\" data-animate=\"fadeInUp\" data-animation-delay=\"0.3\" data-animation-duration=\"1\" data-animation-iteration=\"1\" style=\"opacity:0;\" data-opacity_start_effect=\"\"><div id=\"ultimate-heading-417669d309082460a\" class=\"uvc-heading ult-adjust-bottom-margin ultimate-heading-417669d309082460a uvc-1863\" data-hspacer=\"no_spacer\"  data-halign=\"left\" style=\"text-align:left\"><div class=\"uvc-heading-spacer no_spacer\" style=\"top\"><\/div><div class=\"uvc-main-heading ult-responsive\"  data-ultimate-target='.uvc-heading.ultimate-heading-417669d309082460a h1'  data-responsive-json-new='{\"font-size\":\"\",\"line-height\":\"\"}' ><h1 style=\"font-weight:normal;color:__USE_THEME_MAIN_COLOR__;\">Foragro<\/h1><\/div><\/div><h2 style=\"font-size: 18px;color: #999999;text-align: left\" class=\"vc_custom_heading vc_do_custom_heading no-letter-spacing\" >Soluci\u00f3n vertical agroalimentaria<br \/>\nbasada en Tryton ERP<\/h2><div class=\"vc_empty_space\"   style=\"height: 25px\"><span class=\"vc_empty_space_inner\"><\/span><\/div><\/div><\/div><\/div><\/div><div class=\"wpb_column vc_column_container vc_col-sm-6\"><div class=\"vc_column-inner\"><div class=\"wpb_wrapper\"><\/div><\/div><\/div><\/div><!-- Row Backgrounds --><div class=\"upb_color\" data-bg-override=\"ex-full\" data-bg-color=\"#f2f2f2\" data-fadeout=\"\" data-fadeout-percentage=\"30\" data-parallax-content=\"\" data-parallax-content-sense=\"30\" data-row-effect-mobile-disable=\"true\" data-img-parallax-mobile-disable=\"true\" data-rtl=\"false\"  data-custom-vc-row=\"\"  data-vc=\"8.3.1\"  data-is_old_vc=\"\"  data-theme-support=\"\"   data-overlay=\"false\" data-overlay-color=\"\" data-overlay-pattern=\"\" data-overlay-pattern-opacity=\"\" data-overlay-pattern-size=\"\"    data-seperator=\"true\"  data-seperator-type=\"tilt_left_seperator\"  data-seperator-shape-size=\"40\"  data-seperator-svg-height=\"80\"  data-seperator-full-width=\"true\" data-seperator-position=\"bottom_seperator\"  data-seperator-background-color=\"#ffffff\"  data-icon=\"\"  ><\/div><div class=\"vc_row wpb_row vc_row-fluid\"><div class=\"wpb_column vc_column_container vc_col-sm-6\"><div class=\"vc_column-inner\"><div class=\"wpb_wrapper\"><div class=\"ult-animation  ult-animate-viewport  ult-no-mobile\" data-animate=\"slideInUp\" data-animation-delay=\"0.3\" data-animation-duration=\"1\" data-animation-iteration=\"1\" style=\"opacity:0;\" data-opacity_start_effect=\"\"><div class=\"vc_empty_space\"   style=\"height: 10px\"><span class=\"vc_empty_space_inner\"><\/span><\/div><div class=\"vc_empty_space\"   style=\"height: 40px\"><span class=\"vc_empty_space_inner\"><\/span><\/div>\n\t<div class=\"wpb_text_column wpb_content_element\" >\n\t\t<div class=\"wpb_wrapper\">\n\t\t\t<p>Nuestro Vertical agroalimentario es un\u00a0<b>sistema de gesti\u00f3n basado en Tryton ERP, que cubre todas las \u00e1reas funcionales de una empresa productora y comercializadora<\/b>, desde la preparaci\u00f3n de la campa\u00f1a productiva y pasando por la plantaci\u00f3n, recolecci\u00f3n, procesamiento de materias primas en almac\u00e9n, etc. hasta la expedici\u00f3n del producto confeccionado.<\/p>\n<div class=\"su-quote su-quote-style-default\">\n<div class=\"su-quote-inner su-clearfix\">Foragro permite obtener trazabilidad completa en todos los procesos y controlar los costes asociados a la actividad.<\/div>\n<\/div>\n<p>Pero los beneficios no quedan ah\u00ed. Gracias a nuestra plataforma ver\u00e1 c\u00f3mo se optimiza y\u00a0<b>unifica<\/b> el trabajo de las diferentes \u00e1reas empresariales, creando un flujo de trabajo continuo y centralizado.<\/p>\n\n\t\t<\/div>\n\t<\/div>\n<\/div><div class=\"ult-spacer spacer-69d30908261dd\" data-id=\"69d30908261dd\" data-height=\"90\" data-height-mobile=\"90\" data-height-tab=\"90\" data-height-tab-portrait=\"\" data-height-mobile-landscape=\"\" style=\"clear:both;display:block;\"><\/div>\n\t<div class=\"wpb_text_column wpb_content_element\" >\n\t\t<div class=\"wpb_wrapper\">\n\t\t\t<p>Debido a la potencia y flexibilidad del producto, hemos desarrollado un sitio web independiente para que pueda conocer mejor todas sus caracter\u00edsticas.<\/p>\n\n\t\t<\/div>\n\t<\/div>\n<div class=\"vc_btn3-container vc_btn3-left vc_do_btn\" ><a style=\"background-color:#0079c1; color:#ffffff;\" class=\"vc_general vc_btn3 vc_btn3-size-md vc_btn3-shape-rounded vc_btn3-style-custom\" href=\"https:\/\/4agro.net\" title=\"\" target=\"_blank\">VISITAR WEB DEL PRODUCTO<\/a><\/div><div class=\"ult-spacer spacer-69d30908264f6\" data-id=\"69d30908264f6\" data-height=\"90\" data-height-mobile=\"90\" data-height-tab=\"90\" data-height-tab-portrait=\"\" data-height-mobile-landscape=\"\" style=\"clear:both;display:block;\"><\/div><\/div><\/div><\/div><div class=\"wpb_column vc_column_container vc_col-sm-6\"><div class=\"vc_column-inner\"><div class=\"wpb_wrapper\"><div class=\"ult-animation  ult-animate-viewport  ult-no-mobile\" data-animate=\"slideInRight\" data-animation-delay=\"0.3\" data-animation-duration=\"1\" data-animation-iteration=\"1\" style=\"opacity:0;\" data-opacity_start_effect=\"\">\n\t<div  class=\"wpb_single_image wpb_content_element vc_align_center wpb_content_element\">\n\t\t\n\t\t<figure class=\"wpb_wrapper vc_figure\">\n\t\t\t<div class=\"vc_single_image-wrapper   vc_box_border_grey\"><img decoding=\"async\" width=\"500\" height=\"470\" src=\"https:\/\/datalifeit.es\/wp-content\/uploads\/2019\/07\/4agro2-1.jpg\" class=\"vc_single_image-img attachment-full\" alt=\"\" title=\"Datalife 4agro\" srcset=\"https:\/\/datalifeit.es\/wp-content\/uploads\/2019\/07\/4agro2-1.jpg 500w, https:\/\/datalifeit.es\/wp-content\/uploads\/2019\/07\/4agro2-1-300x282.jpg 300w, https:\/\/datalifeit.es\/wp-content\/uploads\/2019\/07\/4agro2-1-20x20.jpg 20w\" sizes=\"(max-width: 500px) 100vw, 500px\" \/><\/div>\n\t\t<\/figure>\n\t<\/div>\n<\/div><\/div><\/div><\/div><\/div><div class=\"vc_row wpb_row vc_row-fluid vc_custom_1562100051781\"><div class=\"wpb_column vc_column_container vc_col-sm-8\"><div class=\"vc_column-inner\"><div class=\"wpb_wrapper\"><h4 style=\"font-size: 28px;color: #ffffff;line-height: 1.3em;text-align: left\" class=\"vc_custom_heading vc_do_custom_heading\" >\u00bfInteresado en nuestros servicios?<\/h4><div class=\"vc_btn3-container  wpb_animate_when_almost_visible wpb_bottom-to-top bottom-to-top vc_btn3-left vc_do_btn\" ><a style=\"background-color:#ffffff; color:#0079c1;\" class=\"vc_general vc_btn3 vc_btn3-size-md vc_btn3-shape-rounded vc_btn3-style-custom\" href=\"#\" title=\"\">SOLICITA UNA DEMO<\/a><\/div><\/div><\/div><\/div><div class=\"wpb_column vc_column_container vc_col-sm-4\"><div class=\"vc_column-inner\"><div class=\"wpb_wrapper\"><\/div><\/div><\/div><\/div><!-- Row Backgrounds --><div class=\"upb_bg_img\" data-ultimate-bg=\"url(https:\/\/datalifeit.es\/wp-content\/uploads\/2019\/07\/Fondo6.jpg)\" data-image-id=\"id^13728|url^https:\/\/datalifeit.es\/wp-content\/uploads\/2019\/07\/Fondo6.jpg|caption^null|alt^null|title^null|description^null\" data-ultimate-bg-style=\"vcpb-default\" data-bg-img-repeat=\"no-repeat\" data-bg-img-size=\"cover\" data-bg-img-position=\"\" data-parallx_sense=\"30\" data-bg-override=\"ex-full\" data-bg_img_attach=\"scroll\" data-upb-overlay-color=\"rgba(67,184,222,0.89)\" data-upb-bg-animation=\"\" data-fadeout=\"\" data-bg-animation=\"left-animation\" data-bg-animation-type=\"h\" data-animation-repeat=\"repeat\" data-fadeout-percentage=\"30\" data-parallax-content=\"\" data-parallax-content-sense=\"30\" data-row-effect-mobile-disable=\"true\" data-img-parallax-mobile-disable=\"true\" data-rtl=\"false\"  data-custom-vc-row=\"\"  data-vc=\"8.3.1\"  data-is_old_vc=\"\"  data-theme-support=\"\"   data-overlay=\"true\" data-overlay-color=\"rgba(67,184,222,0.89)\" data-overlay-pattern=\"\" data-overlay-pattern-opacity=\"0.8\" data-overlay-pattern-size=\"\" data-overlay-pattern-attachment=\"scroll\"    data-seperator=\"true\"  data-seperator-type=\"tilt_right_seperator\"  data-seperator-shape-size=\"40\"  data-seperator-svg-height=\"0\"  data-seperator-full-width=\"true\" data-seperator-position=\"top_seperator\"  data-seperator-background-color=\"#ffffff\"  data-icon=\"\"  ><\/div>\n<\/div>","protected":false},"excerpt":{"rendered":"ForagroSoluci\u00f3n vertical agroalimentaria basada en Tryton ERP Nuestro Vertical agroalimentario es un\u00a0sistema de gesti\u00f3n basado en Tryton ERP, que cubre todas las \u00e1reas funcionales de una empresa productora y comercializadora, desde la preparaci\u00f3n de la campa\u00f1a productiva y pasando por la plantaci\u00f3n, recolecci\u00f3n, procesamiento de materias primas en almac\u00e9n, etc. hasta la expedici\u00f3n del producto [...]","protected":false},"author":1,"featured_media":13511,"parent":0,"menu_order":0,"comment_status":"closed","ping_status":"closed","template":"page.php","meta":{"footnotes":""},"class_list":["post-13464","page","type-page","status-publish","has-post-thumbnail","hentry"],"yoast_head":"<!-- This site is optimized with the Yoast SEO plugin v27.0 - https:\/\/yoast.com\/product\/yoast-seo-wordpress\/ -->\n<title>Foragro - Datalife<\/title>\n<meta name=\"robots\" content=\"index, follow, max-snippet:-1, max-image-preview:large, max-video-preview:-1\" \/>\n<link rel=\"canonical\" href=\"https:\/\/datalifeit.es\/en\/4agro-solucion-vertical-agroalimentaria\/\" \/>\n<meta property=\"og:locale\" content=\"en_US\" \/>\n<meta property=\"og:type\" content=\"article\" \/>\n<meta property=\"og:title\" content=\"Foragro - Datalife\" \/>\n<meta property=\"og:url\" content=\"https:\/\/datalifeit.es\/en\/4agro-solucion-vertical-agroalimentaria\/\" \/>\n<meta property=\"og:site_name\" content=\"Datalife\" \/>\n<meta property=\"article:publisher\" content=\"https:\/\/www.facebook.com\/profile.php?id=61551346360928\" \/>\n<meta property=\"article:modified_time\" content=\"2024-06-06T10:40:53+00:00\" \/>\n<meta property=\"og:image\" content=\"https:\/\/datalifeit.es\/wp-content\/uploads\/2019\/06\/analytics.jpg\" \/>\n\t<meta property=\"og:image:width\" content=\"1920\" \/>\n\t<meta property=\"og:image:height\" content=\"700\" \/>\n\t<meta property=\"og:image:type\" content=\"image\/jpeg\" \/>\n<meta name=\"twitter:card\" content=\"summary_large_image\" \/>\n<meta name=\"twitter:label1\" content=\"Est. reading time\" \/>\n\t<meta name=\"twitter:data1\" content=\"2 minutes\" \/>\n<script type=\"application\/ld+json\" class=\"yoast-schema-graph\">{\"@context\":\"https:\/\/schema.org\",\"@graph\":[{\"@type\":\"WebPage\",\"@id\":\"https:\/\/datalifeit.es\/4agro-solucion-vertical-agroalimentaria\/\",\"url\":\"https:\/\/datalifeit.es\/4agro-solucion-vertical-agroalimentaria\/\",\"name\":\"Foragro - Datalife\",\"isPartOf\":{\"@id\":\"https:\/\/datalifeit.es\/#website\"},\"primaryImageOfPage\":{\"@id\":\"https:\/\/datalifeit.es\/4agro-solucion-vertical-agroalimentaria\/#primaryimage\"},\"image\":{\"@id\":\"https:\/\/datalifeit.es\/4agro-solucion-vertical-agroalimentaria\/#primaryimage\"},\"thumbnailUrl\":\"https:\/\/datalifeit.es\/wp-content\/uploads\/2019\/06\/analytics.jpg\",\"datePublished\":\"2019-06-04T17:33:23+00:00\",\"dateModified\":\"2024-06-06T10:40:53+00:00\",\"breadcrumb\":{\"@id\":\"https:\/\/datalifeit.es\/4agro-solucion-vertical-agroalimentaria\/#breadcrumb\"},\"inLanguage\":\"en-US\",\"potentialAction\":[{\"@type\":\"ReadAction\",\"target\":[\"https:\/\/datalifeit.es\/4agro-solucion-vertical-agroalimentaria\/\"]}]},{\"@type\":\"ImageObject\",\"inLanguage\":\"en-US\",\"@id\":\"https:\/\/datalifeit.es\/4agro-solucion-vertical-agroalimentaria\/#primaryimage\",\"url\":\"https:\/\/datalifeit.es\/wp-content\/uploads\/2019\/06\/analytics.jpg\",\"contentUrl\":\"https:\/\/datalifeit.es\/wp-content\/uploads\/2019\/06\/analytics.jpg\",\"width\":1920,\"height\":700},{\"@type\":\"BreadcrumbList\",\"@id\":\"https:\/\/datalifeit.es\/4agro-solucion-vertical-agroalimentaria\/#breadcrumb\",\"itemListElement\":[{\"@type\":\"ListItem\",\"position\":1,\"name\":\"Portada\",\"item\":\"https:\/\/datalifeit.es\/\"},{\"@type\":\"ListItem\",\"position\":2,\"name\":\"Foragro\"}]},{\"@type\":\"WebSite\",\"@id\":\"https:\/\/datalifeit.es\/#website\",\"url\":\"https:\/\/datalifeit.es\/\",\"name\":\"Datalife\",\"description\":\"Datalife - Consultor\u00eda e implantaci\u00f3n de ERP\",\"publisher\":{\"@id\":\"https:\/\/datalifeit.es\/#organization\"},\"potentialAction\":[{\"@type\":\"SearchAction\",\"target\":{\"@type\":\"EntryPoint\",\"urlTemplate\":\"https:\/\/datalifeit.es\/?s={search_term_string}\"},\"query-input\":{\"@type\":\"PropertyValueSpecification\",\"valueRequired\":true,\"valueName\":\"search_term_string\"}}],\"inLanguage\":\"en-US\"},{\"@type\":\"Organization\",\"@id\":\"https:\/\/datalifeit.es\/#organization\",\"name\":\"Datalife\",\"alternateName\":\"Datalife\",\"url\":\"https:\/\/datalifeit.es\/\",\"logo\":{\"@type\":\"ImageObject\",\"inLanguage\":\"en-US\",\"@id\":\"https:\/\/datalifeit.es\/#\/schema\/logo\/image\/\",\"url\":\"https:\/\/datalifeit.es\/wp-content\/uploads\/2023\/10\/logo_newsletter.png\",\"contentUrl\":\"https:\/\/datalifeit.es\/wp-content\/uploads\/2023\/10\/logo_newsletter.png\",\"width\":250,\"height\":67,\"caption\":\"Datalife\"},\"image\":{\"@id\":\"https:\/\/datalifeit.es\/#\/schema\/logo\/image\/\"},\"sameAs\":[\"https:\/\/www.facebook.com\/profile.php?id=61551346360928\",\"https:\/\/www.linkedin.com\/company\/datalifeit\/\"]}]}<\/script>\n<!-- \/ Yoast SEO plugin. -->","yoast_head_json":{"title":"Foragro - Datalife","robots":{"index":"index","follow":"follow","max-snippet":"max-snippet:-1","max-image-preview":"max-image-preview:large","max-video-preview":"max-video-preview:-1"},"canonical":"https:\/\/datalifeit.es\/en\/4agro-solucion-vertical-agroalimentaria\/","og_locale":"en_US","og_type":"article","og_title":"Foragro - Datalife","og_url":"https:\/\/datalifeit.es\/en\/4agro-solucion-vertical-agroalimentaria\/","og_site_name":"Datalife","article_publisher":"https:\/\/www.facebook.com\/profile.php?id=61551346360928","article_modified_time":"2024-06-06T10:40:53+00:00","og_image":[{"width":1920,"height":700,"url":"https:\/\/datalifeit.es\/wp-content\/uploads\/2019\/06\/analytics.jpg","type":"image\/jpeg"}],"twitter_card":"summary_large_image","twitter_misc":{"Est. reading time":"2 minutes"},"schema":{"@context":"https:\/\/schema.org","@graph":[{"@type":"WebPage","@id":"https:\/\/datalifeit.es\/4agro-solucion-vertical-agroalimentaria\/","url":"https:\/\/datalifeit.es\/4agro-solucion-vertical-agroalimentaria\/","name":"Foragro - Datalife","isPartOf":{"@id":"https:\/\/datalifeit.es\/#website"},"primaryImageOfPage":{"@id":"https:\/\/datalifeit.es\/4agro-solucion-vertical-agroalimentaria\/#primaryimage"},"image":{"@id":"https:\/\/datalifeit.es\/4agro-solucion-vertical-agroalimentaria\/#primaryimage"},"thumbnailUrl":"https:\/\/datalifeit.es\/wp-content\/uploads\/2019\/06\/analytics.jpg","datePublished":"2019-06-04T17:33:23+00:00","dateModified":"2024-06-06T10:40:53+00:00","breadcrumb":{"@id":"https:\/\/datalifeit.es\/4agro-solucion-vertical-agroalimentaria\/#breadcrumb"},"inLanguage":"en-US","potentialAction":[{"@type":"ReadAction","target":["https:\/\/datalifeit.es\/4agro-solucion-vertical-agroalimentaria\/"]}]},{"@type":"ImageObject","inLanguage":"en-US","@id":"https:\/\/datalifeit.es\/4agro-solucion-vertical-agroalimentaria\/#primaryimage","url":"https:\/\/datalifeit.es\/wp-content\/uploads\/2019\/06\/analytics.jpg","contentUrl":"https:\/\/datalifeit.es\/wp-content\/uploads\/2019\/06\/analytics.jpg","width":1920,"height":700},{"@type":"BreadcrumbList","@id":"https:\/\/datalifeit.es\/4agro-solucion-vertical-agroalimentaria\/#breadcrumb","itemListElement":[{"@type":"ListItem","position":1,"name":"Portada","item":"https:\/\/datalifeit.es\/"},{"@type":"ListItem","position":2,"name":"Foragro"}]},{"@type":"WebSite","@id":"https:\/\/datalifeit.es\/#website","url":"https:\/\/datalifeit.es\/","name":"Datalife","description":"Datalife - Consultor\u00eda e implantaci\u00f3n de ERP","publisher":{"@id":"https:\/\/datalifeit.es\/#organization"},"potentialAction":[{"@type":"SearchAction","target":{"@type":"EntryPoint","urlTemplate":"https:\/\/datalifeit.es\/?s={search_term_string}"},"query-input":{"@type":"PropertyValueSpecification","valueRequired":true,"valueName":"search_term_string"}}],"inLanguage":"en-US"},{"@type":"Organization","@id":"https:\/\/datalifeit.es\/#organization","name":"Datalife","alternateName":"Datalife","url":"https:\/\/datalifeit.es\/","logo":{"@type":"ImageObject","inLanguage":"en-US","@id":"https:\/\/datalifeit.es\/#\/schema\/logo\/image\/","url":"https:\/\/datalifeit.es\/wp-content\/uploads\/2023\/10\/logo_newsletter.png","contentUrl":"https:\/\/datalifeit.es\/wp-content\/uploads\/2023\/10\/logo_newsletter.png","width":250,"height":67,"caption":"Datalife"},"image":{"@id":"https:\/\/datalifeit.es\/#\/schema\/logo\/image\/"},"sameAs":["https:\/\/www.facebook.com\/profile.php?id=61551346360928","https:\/\/www.linkedin.com\/company\/datalifeit\/"]}]}},"_links":{"self":[{"href":"https:\/\/datalifeit.es\/en\/wp-json\/wp\/v2\/pages\/13464","targetHints":{"allow":["GET"]}}],"collection":[{"href":"https:\/\/datalifeit.es\/en\/wp-json\/wp\/v2\/pages"}],"about":[{"href":"https:\/\/datalifeit.es\/en\/wp-json\/wp\/v2\/types\/page"}],"author":[{"embeddable":true,"href":"https:\/\/datalifeit.es\/en\/wp-json\/wp\/v2\/users\/1"}],"replies":[{"embeddable":true,"href":"https:\/\/datalifeit.es\/en\/wp-json\/wp\/v2\/comments?post=13464"}],"version-history":[{"count":5,"href":"https:\/\/datalifeit.es\/en\/wp-json\/wp\/v2\/pages\/13464\/revisions"}],"predecessor-version":[{"id":39606,"href":"https:\/\/datalifeit.es\/en\/wp-json\/wp\/v2\/pages\/13464\/revisions\/39606"}],"wp:featuredmedia":[{"embeddable":true,"href":"https:\/\/datalifeit.es\/en\/wp-json\/wp\/v2\/media\/13511"}],"wp:attachment":[{"href":"https:\/\/datalifeit.es\/en\/wp-json\/wp\/v2\/media?parent=13464"}],"curies":[{"name":"wp","href":"https:\/\/api.w.org\/{rel}","templated":true}]}}