{"id":13409,"date":"2019-06-04T15:24:44","date_gmt":"2019-06-04T13:24:44","guid":{"rendered":"https:\/\/datalifeit.es\/?page_id=13409"},"modified":"2024-06-06T12:51:58","modified_gmt":"2024-06-06T10:51:58","slug":"integracion-microsoft-dynamics-nav","status":"publish","type":"page","link":"https:\/\/datalifeit.es\/en\/integracion-microsoft-dynamics-nav\/","title":{"rendered":"Microsoft Dynamics NAV"},"content":{"rendered":"<div class=\"wpb-content-wrapper\"><div class=\"vc_row wpb_row vc_row-fluid vc_custom_1559758573004\"><div class=\"wpb_column vc_column_container vc_col-sm-12\"><div class=\"vc_column-inner\"><div class=\"wpb_wrapper\"><div class=\"ult-animation  ult-animate-viewport  ult-no-mobile\" data-animate=\"fadeInUp\" data-animation-delay=\"0.3\" data-animation-duration=\"1\" data-animation-iteration=\"1\" style=\"opacity:0;\" data-opacity_start_effect=\"\"><div id=\"ultimate-heading-394269d2df80c16af\" class=\"uvc-heading ult-adjust-bottom-margin ultimate-heading-394269d2df80c16af uvc-8\" data-hspacer=\"no_spacer\"  data-halign=\"left\" style=\"text-align:left\"><div class=\"uvc-heading-spacer no_spacer\" style=\"top\"><\/div><div class=\"uvc-main-heading ult-responsive\"  data-ultimate-target='.uvc-heading.ultimate-heading-394269d2df80c16af h1'  data-responsive-json-new='{\"font-size\":\"\",\"line-height\":\"\"}' ><h1 style=\"font-weight:normal;color:__USE_THEME_MAIN_COLOR__;\">Microsoft Dynamics Nav<\/h1><\/div><\/div><h2 style=\"font-size: 18px;color: #999999;text-align: left\" class=\"vc_custom_heading vc_do_custom_heading no-letter-spacing\" ><a href=\"\">Producto disponible en modalidad SaaS.<\/a><\/h2><div class=\"vc_empty_space\"   style=\"height: 25px\"><span class=\"vc_empty_space_inner\"><\/span><\/div><\/div><\/div><\/div><\/div><\/div><!-- Row Backgrounds --><div class=\"upb_color\" data-bg-override=\"ex-full\" data-bg-color=\"#f2f2f2\" data-fadeout=\"\" data-fadeout-percentage=\"30\" data-parallax-content=\"\" data-parallax-content-sense=\"30\" data-row-effect-mobile-disable=\"true\" data-img-parallax-mobile-disable=\"true\" data-rtl=\"false\"  data-custom-vc-row=\"\"  data-vc=\"8.3.1\"  data-is_old_vc=\"\"  data-theme-support=\"\"   data-overlay=\"false\" data-overlay-color=\"\" data-overlay-pattern=\"\" data-overlay-pattern-opacity=\"\" data-overlay-pattern-size=\"\"    data-seperator=\"true\"  data-seperator-type=\"tilt_left_seperator\"  data-seperator-shape-size=\"40\"  data-seperator-svg-height=\"80\"  data-seperator-full-width=\"true\" data-seperator-position=\"bottom_seperator\"  data-seperator-background-color=\"#ffffff\"  data-icon=\"\"  ><\/div><div class=\"vc_row wpb_row vc_row-fluid\"><div class=\"wpb_column vc_column_container vc_col-sm-6\"><div class=\"vc_column-inner\"><div class=\"wpb_wrapper\">\n\t<div class=\"wpb_text_column wpb_content_element\" >\n\t\t<div class=\"wpb_wrapper\">\n\t\t\t<p>Desde la administraci\u00f3n financiera y de la cadena de suministro a la fabricaci\u00f3n y las operaciones, Microsoft Dynamics NAV une personas y sistemas para que usted dirija su negocio con mayor eficiencia, ofreci\u00e9ndole todo lo que necesita para tomar decisiones en el \u00e1mbito econ\u00f3mico con total confianza y fiabilidad.<\/p>\n<p>Su negocio necesita personas. Sus empleados necesitan herramientas potentes.<br \/>\nEn Datalife somos profesionales certificados que poseemos una gran experiencia en implantaciones y desarrollo de soluciones basadas en Microsoft Dynamics NAV.<\/p>\n\n\t\t<\/div>\n\t<\/div>\n<\/div><\/div><\/div><div class=\"wpb_column vc_column_container vc_col-sm-6\"><div class=\"vc_column-inner\"><div class=\"wpb_wrapper\">\n\t<div  class=\"wpb_single_image wpb_content_element vc_align_left wpb_content_element\">\n\t\t\n\t\t<figure class=\"wpb_wrapper vc_figure\">\n\t\t\t<div class=\"vc_single_image-wrapper   vc_box_border_grey\"><img decoding=\"async\" width=\"650\" height=\"256\" src=\"https:\/\/datalifeit.es\/wp-content\/uploads\/2019\/06\/Microsoft.jpg\" class=\"vc_single_image-img attachment-full\" alt=\"\" title=\"Microsoft Dynamics NAV\" srcset=\"https:\/\/datalifeit.es\/wp-content\/uploads\/2019\/06\/Microsoft.jpg 650w, https:\/\/datalifeit.es\/wp-content\/uploads\/2019\/06\/Microsoft-300x118.jpg 300w, https:\/\/datalifeit.es\/wp-content\/uploads\/2019\/06\/Microsoft-20x8.jpg 20w\" sizes=\"(max-width: 650px) 100vw, 650px\" \/><\/div>\n\t\t<\/figure>\n\t<\/div>\n<\/div><\/div><\/div><\/div><div class=\"vc_row wpb_row vc_row-fluid\"><div class=\"wpb_column vc_column_container vc_col-sm-12\"><div class=\"vc_column-inner\"><div class=\"wpb_wrapper\">\n\t<div class=\"wpb_raw_code wpb_raw_html wpb_content_element\" >\n\t\t<div class=\"wpb_wrapper\">\n\t\t\t<p data-tadv-p=\"keep\">\u00a0<\/p>\n<div class=\"headline\">\n<h3>Caracter\u00edsticas principales<\/h3>\n<\/div>\n<p data-tadv-p=\"keep\">A continuaci\u00f3n se detallan las caracter\u00edsticas funcionales m\u00e1s destacables de la aplicaci\u00f3n.<\/p>\n<p data-tadv-p=\"keep\"><div class=\"su-tabs su-tabs-style-default su-tabs-mobile-stack su-tabs-vertical\" data-active=\"1\" data-scroll-offset=\"0\" data-anchor-in-url=\"no\"><div class=\"su-tabs-nav\"><span class=\"\" data-url=\"\" data-target=\"blank\" tabindex=\"0\" role=\"button\">Gesti\u00f3n Financiera<\/span><span class=\"\" data-url=\"\" data-target=\"blank\" tabindex=\"0\" role=\"button\">Cartera<\/span><span class=\"\" data-url=\"\" data-target=\"blank\" tabindex=\"0\" role=\"button\">Ventas y Marketing<\/span><span class=\"\" data-url=\"\" data-target=\"blank\" tabindex=\"0\" role=\"button\">Compras<\/span><span class=\"\" data-url=\"\" data-target=\"blank\" tabindex=\"0\" role=\"button\">Almac\u00e9n<\/span><span class=\"\" data-url=\"\" data-target=\"blank\" tabindex=\"0\" role=\"button\">Fabricaci\u00f3n<\/span><span class=\"\" data-url=\"\" data-target=\"blank\" tabindex=\"0\" role=\"button\">Proyectos<\/span><span class=\"\" data-url=\"\" data-target=\"blank\" tabindex=\"0\" role=\"button\">Planificaci\u00f3n de Recursos<\/span><span class=\"\" data-url=\"\" data-target=\"blank\" tabindex=\"0\" role=\"button\">Servicio<\/span><span class=\"\" data-url=\"\" data-target=\"blank\" tabindex=\"0\" role=\"button\">Recursos Humanos<\/span><span class=\"\" data-url=\"\" data-target=\"blank\" tabindex=\"0\" role=\"button\">Otros<\/span><\/div><div class=\"su-tabs-panes\"><div class=\"su-tabs-pane su-u-clearfix su-u-trim\" data-title=\"Gesti\u00f3n Financiera\"><\/p>\n<h3><i class=\"fa fa-bar-chart color-green\"><\/i> Gesti\u00f3n Financiera<\/h3>\n<p data-tadv-p=\"keep\">Microsoft Dynamics NAV le permite administrar todos los procesos financieros habituales y la informaci\u00f3n, como registrar transacciones financieras, preparar resultados financieros y administrar cuentas bancarias, variaciones de existencias, costes de fabricaci\u00f3n y activos fijos.<br \/><i class=\"fa fa-check color-green\"><\/i>Contabilidad<br \/><i class=\"fa fa-check color-green\"><\/i> Tesorer\u00eda<br \/><i class=\"fa fa-check color-green\"><\/i> Contabilidad de costes<br \/><i class=\"fa fa-check color-green\"><\/i> Flujo de efectivo<br \/><i class=\"fa fa-check color-green\"><\/i> Cobros<br \/><i class=\"fa fa-check color-green\"><\/i> Pagos<br \/><i class=\"fa fa-check color-green\"><\/i> Labores<br \/><i class=\"fa fa-check color-green\"><\/i> Activos fijos<br \/><i class=\"fa fa-check color-green\"><\/i> Inventario<br \/><i class=\"fa fa-check color-green\"><\/i> IVA, Divisa, Ejercicio, Consolidaci\u00f3n<\/p>\n<p data-tadv-p=\"keep\"><\/div>\n<div class=\"su-tabs-pane su-u-clearfix su-u-trim\" data-title=\"Cartera\"><\/p>\n<h3><i class=\"fa fa-money color-green\"><\/i> Cartera<\/h3>\n<p data-tadv-p=\"keep\">El m\u00f3dulo Cartera permite utilizar documentos espec\u00edficos, como letras de cambio y pagar\u00e9s, para administrar pagos de clientes y proveedores.<br \/><i class=\"fa fa-check color-green\"><\/i> Cobros<br \/><i class=\"fa fa-check color-green\"><\/i> Pagos<br \/><i class=\"fa fa-check color-green\"><\/i> Liquidaci\u00f3n por lotes<br \/><i class=\"fa fa-check color-green\"><\/i> Compresi\u00f3n por fechas<\/p>\n<p data-tadv-p=\"keep\"><\/div>\n<div class=\"su-tabs-pane su-u-clearfix su-u-trim\" data-title=\"Ventas y Marketing\"><\/p>\n<h3><i class=\"fa fa-credit-card color-green\"><\/i> Ventas y Marketing<\/h3>\n<p data-tadv-p=\"keep\">Las funciones de Microsoft Dynamics NAV permiten administrar y proporcionan soporte a sus esfuerzos de marketing y ventas.<br \/><i class=\"fa fa-check color-green\"><\/i> Ventas<br \/><i class=\"fa fa-check color-green\"><\/i> Procesamiento de pedidos<br \/><i class=\"fa fa-check color-green\"><\/i> Marketing<br \/><i class=\"fa fa-check color-green\"><\/i> Inventario y precios<\/p>\n<p data-tadv-p=\"keep\"><\/div>\n<div class=\"su-tabs-pane su-u-clearfix su-u-trim\" data-title=\"Compras\"><\/p>\n<h3><i class=\"fa fa-sign-in color-green\"><\/i> Compras<\/h3>\n<p data-tadv-p=\"keep\">Microsoft Dynamics NAV se puede utilizar para varios procesos y necesidades de informaci\u00f3n comunes, relacionados con la gesti\u00f3n de compras, como el procesamiento de ofertas, pedidos y devoluciones.<br \/><i class=\"fa fa-check color-green\"><\/i> Planificaci\u00f3n<br \/><i class=\"fa fa-check color-green\"><\/i> Procesamiento de pedidos<br \/><i class=\"fa fa-check color-green\"><\/i> Inventario y precios<\/p>\n<p data-tadv-p=\"keep\"><\/div>\n<div class=\"su-tabs-pane su-u-clearfix su-u-trim\" data-title=\"Almac\u00e9n\"><\/p>\n<h3><i class=\"fa fa-building color-green\"><\/i> Almac\u00e9n<\/h3>\n<p data-tadv-p=\"keep\">Con la gesti\u00f3n de almacenes, puede organizar y manipular los productos en existencia entre las ubicaciones. Dependiendo de la configuraci\u00f3n especificada en su licencia, podr\u00e1 recibir productos y asignarlos a ubicaciones, realizar el picking y enviar desde las ubicaciones, as\u00ed como mover productos entre ubicaciones.<br \/><i class=\"fa fa-check color-green\"><\/i> Pedidos y contactos<br \/><i class=\"fa fa-check color-green\"><\/i> Planificaci\u00f3n y ejecuci\u00f3n<br \/><i class=\"fa fa-check color-green\"><\/i> Ord. man. prod. por pedido<br \/><i class=\"fa fa-check color-green\"><\/i> M\u00faltiples \u00f3rdenes man. prod.<br \/><i class=\"fa fa-check color-green\"><\/i> Grupos contables existencias<\/p>\n<p data-tadv-p=\"keep\"><\/div>\n<div class=\"su-tabs-pane su-u-clearfix su-u-trim\" data-title=\"Fabricaci\u00f3n\"><\/p>\n<h3><i class=\"fa fa-cogs color-green\"><\/i> Fabricaci\u00f3n<\/h3>\n<p data-tadv-p=\"keep\">Con este m\u00f3dulo de Microsoft Dynamics NAV, aumentar\u00e1 la eficacia operativa y gestionar\u00e1 correctamente la fabricaci\u00f3n incluidas las ordenes de producci\u00f3n, listas de materiales, planificaci\u00f3n del suministro y la planificaci\u00f3n de los requerimientos de capacidad<br \/><i class=\"fa fa-check color-green\"><\/i> Dise\u00f1o de productos<br \/><i class=\"fa fa-check color-green\"><\/i> Capacidades<br \/><i class=\"fa fa-check color-green\"><\/i> Planificaci\u00f3n<br \/><i class=\"fa fa-check color-green\"><\/i> Ejecuci\u00f3n<br \/><i class=\"fa fa-check color-green\"><\/i> Valoraci\u00f3n<\/p>\n<p data-tadv-p=\"keep\"><\/div>\n<div class=\"su-tabs-pane su-u-clearfix su-u-trim\" data-title=\"Proyectos\"><\/p>\n<h3><i class=\"fa fa-sitemap color-green\"><\/i> Proyectos<\/h3>\n<p data-tadv-p=\"keep\">El \u00e1rea Proyectos admite tareas habituales de administraci\u00f3n de proyectos, como configurar un proyecto y programar un recurso, as\u00ed como proporcionar la informaci\u00f3n necesaria para administrar presupuestos y supervisar el progreso<br \/><i class=\"fa fa-check color-green\"><\/i> Fichas de proyectos<br \/><i class=\"fa fa-check color-green\"><\/i> Diarios de proyectos<br \/><i class=\"fa fa-check color-green\"><\/i> Estad\u00edsticas<br \/><i class=\"fa fa-check color-green\"><\/i> Calcular WIP<\/p>\n<p data-tadv-p=\"keep\"><\/div>\n<div class=\"su-tabs-pane su-u-clearfix su-u-trim\" data-title=\"Planificaci\u00f3n de Recursos\"><\/p>\n<h3><i class=\"fa fa-tasks color-green\"><\/i> Planificaci\u00f3n de Recursos<\/h3>\n<p data-tadv-p=\"keep\">Podremos realizar la administraci\u00f3n de recursos para realizar un seguimiento del tiempo y el esfuerzo invertidos en la ejecuci\u00f3n y prestaci\u00f3n de servicios<br \/><i class=\"fa fa-check color-green\"><\/i> Recursos<br \/><i class=\"fa fa-check color-green\"><\/i> Capacidad de los recursos<br \/><i class=\"fa fa-check color-green\"><\/i> Diario de recursos<\/p>\n<p data-tadv-p=\"keep\"><\/div>\n<div class=\"su-tabs-pane su-u-clearfix su-u-trim\" data-title=\"Servicio\"><\/p>\n<h3><i class=\"fa fa-user color-green\"><\/i> Servicio<\/h3>\n<p data-tadv-p=\"keep\">Proporcionar un servicio continuado a los clientes es una parte importante de cualquier empresa y puede ser el origen de la satisfacci\u00f3n y fidelidad de los clientes, as\u00ed como de ingresos.<br \/><i class=\"fa fa-check color-green\"><\/i> Administraci\u00f3n de contratos<br \/><i class=\"fa fa-check color-green\"><\/i> Planificaci\u00f3n y distribuci\u00f3n<br \/><i class=\"fa fa-check color-green\"><\/i> Procesamiento de pedidos<\/p>\n<p data-tadv-p=\"keep\"><\/div>\n<div class=\"su-tabs-pane su-u-clearfix su-u-trim\" data-title=\"Recursos Humanos\"><\/p>\n<h3><i class=\"fa fa-users color-green\"><\/i> Recursos Humanos<\/h3>\n<p data-tadv-p=\"keep\">La funci\u00f3n Recursos humanos permite mantener registros detallados de los empleados.<br \/><i class=\"fa fa-check color-green\"><\/i> Empleados<br \/><i class=\"fa fa-check color-green\"><\/i> Registro de ausencias<\/p>\n<p data-tadv-p=\"keep\"><\/div>\n<div class=\"su-tabs-pane su-u-clearfix su-u-trim\" data-title=\"Otros\"><\/p>\n<h3><i class=\"fa fa-ellipsis-h color-green\"><\/i> Otros<\/h3>\n<p data-tadv-p=\"keep\">La funci\u00f3n Recursos humanos permite mantener registros detallados de los empleados.<br \/><i class=\"fa fa-check color-green\"><\/i> Administracion<br \/><i class=\"fa fa-check color-green\"><\/i> Informes y an\u00e1lisis<\/p>\n<p data-tadv-p=\"keep\"><\/div><\/div><\/div>\n\t\t<\/div>\n\t<\/div>\n<\/div><\/div><\/div><\/div><div class=\"vc_row wpb_row vc_row-fluid vc_custom_1562100124213\"><div class=\"wpb_column vc_column_container vc_col-sm-8\"><div class=\"vc_column-inner\"><div class=\"wpb_wrapper\"><h3 style=\"color: #ffffff;line-height: 1.3em;text-align: left\" class=\"vc_custom_heading vc_do_custom_heading\" >\u00bfInteresado en nuestros servicios?<\/h3><div class=\"vc_btn3-container  wpb_animate_when_almost_visible wpb_bottom-to-top bottom-to-top vc_btn3-left vc_do_btn\" ><a style=\"background-color:#ffffff; color:#0079c1;\" class=\"vc_general vc_btn3 vc_btn3-size-md vc_btn3-shape-rounded vc_btn3-style-custom\" href=\"\/en\/contactar\/\" title=\"Contactar\">SOLICITA UNA DEMO<\/a><\/div><\/div><\/div><\/div><div class=\"wpb_column vc_column_container vc_col-sm-4\"><div class=\"vc_column-inner\"><div class=\"wpb_wrapper\"><\/div><\/div><\/div><\/div><!-- Row Backgrounds --><div class=\"upb_bg_img\" data-ultimate-bg=\"url(https:\/\/datalifeit.es\/wp-content\/uploads\/2019\/07\/Fondo6.jpg)\" data-image-id=\"id^13728|url^https:\/\/datalifeit.es\/wp-content\/uploads\/2019\/07\/Fondo6.jpg|caption^null|alt^null|title^null|description^null\" data-ultimate-bg-style=\"vcpb-default\" data-bg-img-repeat=\"no-repeat\" data-bg-img-size=\"cover\" data-bg-img-position=\"\" data-parallx_sense=\"30\" data-bg-override=\"ex-full\" data-bg_img_attach=\"scroll\" data-upb-overlay-color=\"rgba(67,184,222,0.89)\" data-upb-bg-animation=\"\" data-fadeout=\"\" data-bg-animation=\"left-animation\" data-bg-animation-type=\"h\" data-animation-repeat=\"repeat\" data-fadeout-percentage=\"30\" data-parallax-content=\"\" data-parallax-content-sense=\"30\" data-row-effect-mobile-disable=\"true\" data-img-parallax-mobile-disable=\"true\" data-rtl=\"false\"  data-custom-vc-row=\"\"  data-vc=\"8.3.1\"  data-is_old_vc=\"\"  data-theme-support=\"\"   data-overlay=\"true\" data-overlay-color=\"rgba(67,184,222,0.89)\" data-overlay-pattern=\"\" data-overlay-pattern-opacity=\"0.8\" data-overlay-pattern-size=\"\" data-overlay-pattern-attachment=\"scroll\"    data-seperator=\"true\"  data-seperator-type=\"tilt_right_seperator\"  data-seperator-shape-size=\"40\"  data-seperator-svg-height=\"0\"  data-seperator-full-width=\"true\" data-seperator-position=\"top_seperator\"  data-seperator-background-color=\"#ffffff\"  data-icon=\"\"  ><\/div>\n<\/div>","protected":false},"excerpt":{"rendered":"Microsoft Dynamics NavProducto disponible en modalidad SaaS. Desde la administraci\u00f3n financiera y de la cadena de suministro a la fabricaci\u00f3n y las operaciones, Microsoft Dynamics NAV une personas y sistemas para que usted dirija su negocio con mayor eficiencia, ofreci\u00e9ndole todo lo que necesita para tomar decisiones en el \u00e1mbito econ\u00f3mico con total confianza y [...]","protected":false},"author":1,"featured_media":0,"parent":0,"menu_order":0,"comment_status":"closed","ping_status":"closed","template":"page.php","meta":{"footnotes":""},"class_list":["post-13409","page","type-page","status-publish","hentry"],"yoast_head":"<!-- This site is optimized with the Yoast SEO plugin v27.0 - https:\/\/yoast.com\/product\/yoast-seo-wordpress\/ -->\n<title>Microsoft Dynamics NAV - Datalife<\/title>\n<meta name=\"robots\" content=\"index, follow, max-snippet:-1, max-image-preview:large, max-video-preview:-1\" \/>\n<link rel=\"canonical\" href=\"https:\/\/datalifeit.es\/en\/integracion-microsoft-dynamics-nav\/\" \/>\n<meta property=\"og:locale\" content=\"en_US\" \/>\n<meta property=\"og:type\" content=\"article\" \/>\n<meta property=\"og:title\" content=\"Microsoft Dynamics NAV - Datalife\" \/>\n<meta property=\"og:url\" content=\"https:\/\/datalifeit.es\/en\/integracion-microsoft-dynamics-nav\/\" \/>\n<meta property=\"og:site_name\" content=\"Datalife\" \/>\n<meta property=\"article:publisher\" content=\"https:\/\/www.facebook.com\/profile.php?id=61551346360928\" \/>\n<meta property=\"article:modified_time\" content=\"2024-06-06T10:51:58+00:00\" \/>\n<meta name=\"twitter:card\" content=\"summary_large_image\" \/>\n<meta name=\"twitter:label1\" content=\"Est. reading time\" \/>\n\t<meta name=\"twitter:data1\" content=\"1 minute\" \/>\n<script type=\"application\/ld+json\" class=\"yoast-schema-graph\">{\"@context\":\"https:\/\/schema.org\",\"@graph\":[{\"@type\":\"WebPage\",\"@id\":\"https:\/\/datalifeit.es\/integracion-microsoft-dynamics-nav\/\",\"url\":\"https:\/\/datalifeit.es\/integracion-microsoft-dynamics-nav\/\",\"name\":\"Microsoft Dynamics NAV - Datalife\",\"isPartOf\":{\"@id\":\"https:\/\/datalifeit.es\/#website\"},\"datePublished\":\"2019-06-04T13:24:44+00:00\",\"dateModified\":\"2024-06-06T10:51:58+00:00\",\"breadcrumb\":{\"@id\":\"https:\/\/datalifeit.es\/integracion-microsoft-dynamics-nav\/#breadcrumb\"},\"inLanguage\":\"en-US\",\"potentialAction\":[{\"@type\":\"ReadAction\",\"target\":[\"https:\/\/datalifeit.es\/integracion-microsoft-dynamics-nav\/\"]}]},{\"@type\":\"BreadcrumbList\",\"@id\":\"https:\/\/datalifeit.es\/integracion-microsoft-dynamics-nav\/#breadcrumb\",\"itemListElement\":[{\"@type\":\"ListItem\",\"position\":1,\"name\":\"Portada\",\"item\":\"https:\/\/datalifeit.es\/\"},{\"@type\":\"ListItem\",\"position\":2,\"name\":\"Microsoft Dynamics NAV\"}]},{\"@type\":\"WebSite\",\"@id\":\"https:\/\/datalifeit.es\/#website\",\"url\":\"https:\/\/datalifeit.es\/\",\"name\":\"Datalife\",\"description\":\"Datalife - Consultor\u00eda e implantaci\u00f3n de ERP\",\"publisher\":{\"@id\":\"https:\/\/datalifeit.es\/#organization\"},\"potentialAction\":[{\"@type\":\"SearchAction\",\"target\":{\"@type\":\"EntryPoint\",\"urlTemplate\":\"https:\/\/datalifeit.es\/?s={search_term_string}\"},\"query-input\":{\"@type\":\"PropertyValueSpecification\",\"valueRequired\":true,\"valueName\":\"search_term_string\"}}],\"inLanguage\":\"en-US\"},{\"@type\":\"Organization\",\"@id\":\"https:\/\/datalifeit.es\/#organization\",\"name\":\"Datalife\",\"alternateName\":\"Datalife\",\"url\":\"https:\/\/datalifeit.es\/\",\"logo\":{\"@type\":\"ImageObject\",\"inLanguage\":\"en-US\",\"@id\":\"https:\/\/datalifeit.es\/#\/schema\/logo\/image\/\",\"url\":\"https:\/\/datalifeit.es\/wp-content\/uploads\/2023\/10\/logo_newsletter.png\",\"contentUrl\":\"https:\/\/datalifeit.es\/wp-content\/uploads\/2023\/10\/logo_newsletter.png\",\"width\":250,\"height\":67,\"caption\":\"Datalife\"},\"image\":{\"@id\":\"https:\/\/datalifeit.es\/#\/schema\/logo\/image\/\"},\"sameAs\":[\"https:\/\/www.facebook.com\/profile.php?id=61551346360928\",\"https:\/\/www.linkedin.com\/company\/datalifeit\/\"]}]}<\/script>\n<!-- \/ Yoast SEO plugin. -->","yoast_head_json":{"title":"Microsoft Dynamics NAV - Datalife","robots":{"index":"index","follow":"follow","max-snippet":"max-snippet:-1","max-image-preview":"max-image-preview:large","max-video-preview":"max-video-preview:-1"},"canonical":"https:\/\/datalifeit.es\/en\/integracion-microsoft-dynamics-nav\/","og_locale":"en_US","og_type":"article","og_title":"Microsoft Dynamics NAV - Datalife","og_url":"https:\/\/datalifeit.es\/en\/integracion-microsoft-dynamics-nav\/","og_site_name":"Datalife","article_publisher":"https:\/\/www.facebook.com\/profile.php?id=61551346360928","article_modified_time":"2024-06-06T10:51:58+00:00","twitter_card":"summary_large_image","twitter_misc":{"Est. reading time":"1 minute"},"schema":{"@context":"https:\/\/schema.org","@graph":[{"@type":"WebPage","@id":"https:\/\/datalifeit.es\/integracion-microsoft-dynamics-nav\/","url":"https:\/\/datalifeit.es\/integracion-microsoft-dynamics-nav\/","name":"Microsoft Dynamics NAV - Datalife","isPartOf":{"@id":"https:\/\/datalifeit.es\/#website"},"datePublished":"2019-06-04T13:24:44+00:00","dateModified":"2024-06-06T10:51:58+00:00","breadcrumb":{"@id":"https:\/\/datalifeit.es\/integracion-microsoft-dynamics-nav\/#breadcrumb"},"inLanguage":"en-US","potentialAction":[{"@type":"ReadAction","target":["https:\/\/datalifeit.es\/integracion-microsoft-dynamics-nav\/"]}]},{"@type":"BreadcrumbList","@id":"https:\/\/datalifeit.es\/integracion-microsoft-dynamics-nav\/#breadcrumb","itemListElement":[{"@type":"ListItem","position":1,"name":"Portada","item":"https:\/\/datalifeit.es\/"},{"@type":"ListItem","position":2,"name":"Microsoft Dynamics NAV"}]},{"@type":"WebSite","@id":"https:\/\/datalifeit.es\/#website","url":"https:\/\/datalifeit.es\/","name":"Datalife","description":"Datalife - Consultor\u00eda e implantaci\u00f3n de ERP","publisher":{"@id":"https:\/\/datalifeit.es\/#organization"},"potentialAction":[{"@type":"SearchAction","target":{"@type":"EntryPoint","urlTemplate":"https:\/\/datalifeit.es\/?s={search_term_string}"},"query-input":{"@type":"PropertyValueSpecification","valueRequired":true,"valueName":"search_term_string"}}],"inLanguage":"en-US"},{"@type":"Organization","@id":"https:\/\/datalifeit.es\/#organization","name":"Datalife","alternateName":"Datalife","url":"https:\/\/datalifeit.es\/","logo":{"@type":"ImageObject","inLanguage":"en-US","@id":"https:\/\/datalifeit.es\/#\/schema\/logo\/image\/","url":"https:\/\/datalifeit.es\/wp-content\/uploads\/2023\/10\/logo_newsletter.png","contentUrl":"https:\/\/datalifeit.es\/wp-content\/uploads\/2023\/10\/logo_newsletter.png","width":250,"height":67,"caption":"Datalife"},"image":{"@id":"https:\/\/datalifeit.es\/#\/schema\/logo\/image\/"},"sameAs":["https:\/\/www.facebook.com\/profile.php?id=61551346360928","https:\/\/www.linkedin.com\/company\/datalifeit\/"]}]}},"_links":{"self":[{"href":"https:\/\/datalifeit.es\/en\/wp-json\/wp\/v2\/pages\/13409","targetHints":{"allow":["GET"]}}],"collection":[{"href":"https:\/\/datalifeit.es\/en\/wp-json\/wp\/v2\/pages"}],"about":[{"href":"https:\/\/datalifeit.es\/en\/wp-json\/wp\/v2\/types\/page"}],"author":[{"embeddable":true,"href":"https:\/\/datalifeit.es\/en\/wp-json\/wp\/v2\/users\/1"}],"replies":[{"embeddable":true,"href":"https:\/\/datalifeit.es\/en\/wp-json\/wp\/v2\/comments?post=13409"}],"version-history":[{"count":3,"href":"https:\/\/datalifeit.es\/en\/wp-json\/wp\/v2\/pages\/13409\/revisions"}],"predecessor-version":[{"id":39608,"href":"https:\/\/datalifeit.es\/en\/wp-json\/wp\/v2\/pages\/13409\/revisions\/39608"}],"wp:attachment":[{"href":"https:\/\/datalifeit.es\/en\/wp-json\/wp\/v2\/media?parent=13409"}],"curies":[{"name":"wp","href":"https:\/\/api.w.org\/{rel}","templated":true}]}}