{"id":12915,"date":"2019-05-26T22:27:16","date_gmt":"2019-05-26T20:27:16","guid":{"rendered":"https:\/\/datalifeit.es\/?page_id=12915"},"modified":"2019-06-05T20:45:38","modified_gmt":"2019-06-05T18:45:38","slug":"empresa","status":"publish","type":"page","link":"https:\/\/datalifeit.es\/en\/empresa\/","title":{"rendered":"Nuestra empresa"},"content":{"rendered":"<div class=\"wpb-content-wrapper\"><div data-vc-full-width=\"true\" data-vc-full-width-init=\"false\" class=\"vc_row wpb_row vc_row-fluid vc_custom_1559760280237\"><div class=\"wpb_column vc_column_container vc_col-sm-12\"><div class=\"vc_column-inner\"><div class=\"wpb_wrapper\"><h1 style=\"font-size: 46px;color: __USE_THEME_MAIN_COLOR__;line-height: 56px;text-align: center\" class=\"vc_custom_heading vc_do_custom_heading\" >Nuestra empresa<\/h1>\n\t<div class=\"wpb_text_column wpb_content_element\" >\n\t\t<div class=\"wpb_wrapper\">\n\t\t\t<h5 style=\"text-align: center;\">Nuestros valores<\/h5>\n\n\t\t<\/div>\n\t<\/div>\n<\/div><\/div><\/div><\/div><div class=\"vc_row-full-width vc_clearfix\"><\/div><!-- Row Backgrounds --><div class=\"upb_color\" data-bg-override=\"0\" data-bg-color=\"#f2f2f2\" data-fadeout=\"\" data-fadeout-percentage=\"30\" data-parallax-content=\"\" data-parallax-content-sense=\"30\" data-row-effect-mobile-disable=\"true\" data-img-parallax-mobile-disable=\"true\" data-rtl=\"false\"  data-custom-vc-row=\"\"  data-vc=\"8.3.1\"  data-is_old_vc=\"\"  data-theme-support=\"\"   data-overlay=\"true\" data-overlay-color=\"rgba(242,242,242,0.2)\" data-overlay-pattern=\"\" data-overlay-pattern-opacity=\"0.8\" data-overlay-pattern-size=\"\" data-overlay-pattern-attachment=\"scroll\"    ><\/div><div class=\"vc_row wpb_row vc_row-fluid home-corp1 vc_row-o-equal-height vc_row-flex\"><div class=\"wpb_column vc_column_container vc_col-sm-4\"><div class=\"vc_column-inner\"><div class=\"wpb_wrapper\"><div class=\"ult-content-box-container\" >\t\t<div class=\"ult-content-box\" style=\"background-color:#5467a9;box-shadow: 0px 0px 2px 2px rgba(237,237,237,0.5) none;padding-top:50px;padding-right:30px;padding-bottom:5px;padding-left:30px;min-height:250px;-webkit-transition: all 700ms ease;-moz-transition: all 700ms ease;-ms-transition: all 700ms ease;-o-transition: all 700ms ease;transition: all 700ms ease;\"  data-hover_bg_color=\"#5467a9\"  data-hover_box_shadow=\"none\"     data-bg=\"#5467a9\" ><div class=\"ult-just-icon-wrapper\"><div class=\"align-icon\" style=\"text-align:center;\">\n<div class=\"aio-icon none\"  style=\"color:#ffffff;font-size:65px;display:inline-block;\">\n\t<i class=\"linearicons-cog2\"><\/i>\n<\/div><\/div><\/div><div class=\"vc_empty_space\"   style=\"height: 20px\"><span class=\"vc_empty_space_inner\"><\/span><\/div><h4 style=\"color: #dfe3ef;text-align: center\" class=\"vc_custom_heading vc_do_custom_heading\" >Ingenier\u00eda<\/h4><p style=\"font-size: 15px;color: #f9f9f9;line-height: 25px;text-align: center\" class=\"vc_custom_heading vc_do_custom_heading\" >Ofrecemos soluciones, ya sean propias o de terceros, que cumplen con los m\u00e1s altos est\u00e1ndares de calidad en software. Son adaptables, escalables y presentan capacidades de integraci\u00f3n sin precedentes.<\/p><div class=\"vc_empty_space\"   style=\"height: 20px\"><span class=\"vc_empty_space_inner\"><\/span><\/div>\t\t<\/div><\/div><\/div><\/div><\/div><div class=\"wpb_column vc_column_container vc_col-sm-4\"><div class=\"vc_column-inner\"><div class=\"wpb_wrapper\"><div class=\"ult-content-box-container\" >\t\t<div class=\"ult-content-box\" style=\"background-color:#54c5a2;box-shadow: 0px 0px 2px 2px rgba(237,237,237,0.5) none;padding-top:50px;padding-right:30px;padding-bottom:5px;padding-left:30px;min-height:250px;-webkit-transition: all 700ms ease;-moz-transition: all 700ms ease;-ms-transition: all 700ms ease;-o-transition: all 700ms ease;transition: all 700ms ease;\"  data-hover_bg_color=\"#54c5a2\"  data-hover_box_shadow=\"none\"     data-bg=\"#54c5a2\" ><div class=\"ult-just-icon-wrapper\"><div class=\"align-icon\" style=\"text-align:center;\">\n<div class=\"aio-icon none\"  style=\"color:#ffffff;font-size:62px;display:inline-block;\">\n\t<i class=\"linearicons-arrow-up-right\"><\/i>\n<\/div><\/div><\/div><div class=\"vc_empty_space\"   style=\"height: 20px\"><span class=\"vc_empty_space_inner\"><\/span><\/div><h4 style=\"color: #32846a;text-align: center\" class=\"vc_custom_heading vc_do_custom_heading\" >Mejora<\/h4><p style=\"font-size: 15px;color: #f9f9f9;line-height: 25px;text-align: center\" class=\"vc_custom_heading vc_do_custom_heading\" >Aplicamos mejora continua en procesos y entendemos bien la problem\u00e1tica particular de nuestros clientes.<\/p><div class=\"vc_empty_space\"   style=\"height: 20px\"><span class=\"vc_empty_space_inner\"><\/span><\/div>\t\t<\/div><\/div><\/div><\/div><\/div><div class=\"wpb_column vc_column_container vc_col-sm-4\"><div class=\"vc_column-inner\"><div class=\"wpb_wrapper\"><div class=\"ult-content-box-container\" >\t\t<div class=\"ult-content-box\" style=\"background-color:#5bc2da;box-shadow: 0px 0px 2px 2px rgba(237,237,237,0.5) none;padding-top:50px;padding-right:30px;padding-bottom:5px;padding-left:30px;min-height:250px;-webkit-transition: all 700ms ease;-moz-transition: all 700ms ease;-ms-transition: all 700ms ease;-o-transition: all 700ms ease;transition: all 700ms ease;\"  data-hover_bg_color=\"#5bc2da\"  data-hover_box_shadow=\"none\"     data-bg=\"#5bc2da\" ><div class=\"ult-just-icon-wrapper\"><div class=\"align-icon\" style=\"text-align:center;\">\n<div class=\"aio-icon none\"  style=\"color:#ffffff;font-size:62px;display:inline-block;\">\n\t<i class=\"Defaults-user\"><\/i>\n<\/div><\/div><\/div><div class=\"vc_empty_space\"   style=\"height: 20px\"><span class=\"vc_empty_space_inner\"><\/span><\/div><h4 style=\"color: #388394;text-align: center\" class=\"vc_custom_heading vc_do_custom_heading\" >Servicio<\/h4><p style=\"font-size: 15px;color: #f9f9f9;line-height: 25px;text-align: center\" class=\"vc_custom_heading vc_do_custom_heading\" >Entendemos que nuestro principal valor debe residir en la calidad de nuestros servicios, aplicando la mejor ingenier\u00eda posible.<\/p><div class=\"vc_empty_space\"   style=\"height: 20px\"><span class=\"vc_empty_space_inner\"><\/span><\/div>\t\t<\/div><\/div><\/div><\/div><\/div><\/div><div class=\"vc_row wpb_row vc_row-fluid vc_custom_1559674448098\"><div class=\"wpb_column vc_column_container vc_col-sm-12\"><div class=\"vc_column-inner\"><div class=\"wpb_wrapper\"><h2 style=\"text-align: center\" class=\"vc_custom_heading vc_do_custom_heading no-letter-spacing\" >Nuestro equipo<\/h2><p style=\"font-size: 15px;color: #808080;text-align: center\" class=\"vc_custom_heading vc_do_custom_heading no-letter-spacing\" >Las empresas las forman profesionales y nosotros tenemos a los mejores.<\/p><div class=\"vc_empty_space\"   style=\"height: 60px\"><span class=\"vc_empty_space_inner\"><\/span><\/div><div class=\"ult-spacer spacer-69e1f2becb391\" data-id=\"69e1f2becb391\" data-height=\"50\" data-height-mobile=\"50\" data-height-tab=\"50\" data-height-tab-portrait=\"\" data-height-mobile-landscape=\"\" style=\"clear:both;display:block;\"><\/div><\/div><\/div><\/div><div class=\"wpb_column vc_column_container vc_col-sm-12\"><div class=\"vc_column-inner\"><div class=\"wpb_wrapper\"><div class=\"vc_row wpb_row vc_inner vc_row-fluid\"><div class=\"wpb_column vc_column_container vc_col-sm-12\"><div class=\"vc_column-inner\"><div class=\"wpb_wrapper\">\n\t<div class=\"wpb_text_column wpb_content_element\" >\n\t\t<div class=\"wpb_wrapper\">\n\t\t\t<p>Datalife es un proyecto que surge de la motivaci\u00f3n por emprender y mejorar profesionalmente por parte de los socios que componen la compa\u00f1\u00eda. Nuestros profesionales poseen varios a\u00f1os de experiencia ofreciendo soluciones TIC a todo tipo de empresas, con lo que su conocimiento en esta materia es alto. Del mismo modo poseen titulaciones t\u00e9cnicas y superiores en materia inform\u00e1tica.<\/p>\n<p>Con todo ello, la actividad de la empresa se centra en el sector agroalimentario; aunque podemos ofrecer nuestros servicios a empresas con procesos productivos en otros sectores, que requieran de asesoramiento o aplicaciones inform\u00e1ticas empresariales y\/o a medida.<\/p>\n<h4>Amplia experiencia en IT<\/h4>\n<p>A pesar de que Datalife es una empresa de reciente creaci\u00f3n, sus profesionales tienen amplia experiencia en el desarrollo e implantaci\u00f3n de herramientas englobadas en el \u00e1mbito de las Tecnolog\u00edas de la Informaci\u00f3n<\/p>\n<h4>Conocimiento del sector<\/h4>\n<p>Nuestros profesionales llevan muchos a\u00f1os dando soluciones IT a empresas del sector agroalimentario. Por este motivo conocen muy bien las complejidades y particularidades de los diferentes procesos de estas empresas; tanto de la gesti\u00f3n de fincas, como de la confecci\u00f3n, recolecci\u00f3n, liquidaci\u00f3n de producto, escandallos de calidad, etc<\/p>\n<h4>Experiencia y titulaciones en ERP<\/h4>\n<p>Nuestros profesionales han trabajado con varios ERPs, de modo que conocen los rasgos generales de estos sistemas as\u00ed como sus carencias para empresas del sector. Para el caso concreto de Microsoft Dynamics NAV poseemos varias certificaciones sobre el producto, requeridas para la consideraci\u00f3n de MCP (<i>Microsoft Certified Professional<\/i>)<\/p>\n<h4>Uso de \u00faltimas tecnolog\u00edas<\/h4>\n<p>Nuestros productos est\u00e1n implementados con los\u00a0<i>frameworks<\/i>\u00a0m\u00e1s actuales y extendidos, y est\u00e1n orientadas a servicios, lo que nos permite ofrecerlos en la nube para que la inversi\u00f3n inicial del Cliente sea mucho menor.<\/p>\n<h4>Apuesta por la calidad<\/h4>\n<p>Tanto nuestras soluciones como las aplicaciones de terceros que ofrecemos est\u00e1n implementadas siguiendo las directivas de calidad de software m\u00e1s actuales. Esta pol\u00edtica nos permite disponer de herramientas f\u00e1cilmente escalables e integrables.<\/p>\n<div class=\"search-blocks search-blocks-top-green\">\n<p>Amplia experiencia en soluciones de movilidad<\/p>\n<p>Tenemos m\u00e1s de 10 a\u00f1os de experiencia en el desarrollo de soluciones m\u00f3viles. Adem\u00e1s, conocemos las dificultades adicionales que aparecen en las empresas agroalimentarias en esta materia: condiciones de conectividad malas o nulas en las fincas para realizar partes de consumo, zonas oscuras de cobertura Wi-fi en almacenes, etc.\n<\/p><\/div>\n\n\t\t<\/div>\n\t<\/div>\n<\/div><\/div><\/div><\/div><\/div><\/div><\/div><\/div><!-- Row Backgrounds --><div class=\"upb_color\" data-bg-override=\"0\" data-bg-color=\"#ffffff\" data-fadeout=\"\" data-fadeout-percentage=\"30\" data-parallax-content=\"\" data-parallax-content-sense=\"30\" data-row-effect-mobile-disable=\"true\" data-img-parallax-mobile-disable=\"true\" data-rtl=\"false\"  data-custom-vc-row=\"\"  data-vc=\"8.3.1\"  data-is_old_vc=\"\"  data-theme-support=\"\"   data-overlay=\"false\" data-overlay-color=\"\" data-overlay-pattern=\"\" data-overlay-pattern-opacity=\"\" data-overlay-pattern-size=\"\"    ><\/div><div class=\"vc_row wpb_row vc_row-fluid\"><div class=\"wpb_column vc_column_container vc_col-sm-12\"><div class=\"vc_column-inner\"><div class=\"wpb_wrapper\"><\/div><\/div><\/div><\/div>\n<\/div>","protected":false},"excerpt":{"rendered":"Nuestra empresa Nuestros valores Ingenier\u00edaOfrecemos soluciones, ya sean propias o de terceros, que cumplen con los m\u00e1s altos est\u00e1ndares de calidad en software. Son adaptables, escalables y presentan capacidades de integraci\u00f3n sin precedentes. MejoraAplicamos mejora continua en procesos y entendemos bien la problem\u00e1tica particular de nuestros clientes. ServicioEntendemos que nuestro principal valor debe residir en [...]","protected":false},"author":1,"featured_media":0,"parent":0,"menu_order":0,"comment_status":"closed","ping_status":"closed","template":"page.php","meta":{"footnotes":""},"class_list":["post-12915","page","type-page","status-publish","hentry"],"yoast_head":"<!-- This site is optimized with the Yoast SEO plugin v27.0 - https:\/\/yoast.com\/product\/yoast-seo-wordpress\/ -->\n<title>Nuestra empresa - Datalife<\/title>\n<meta name=\"robots\" content=\"index, follow, max-snippet:-1, max-image-preview:large, max-video-preview:-1\" \/>\n<link rel=\"canonical\" href=\"https:\/\/datalifeit.es\/en\/empresa\/\" \/>\n<meta property=\"og:locale\" content=\"en_US\" \/>\n<meta property=\"og:type\" content=\"article\" \/>\n<meta property=\"og:title\" content=\"Nuestra empresa - Datalife\" \/>\n<meta property=\"og:url\" content=\"https:\/\/datalifeit.es\/en\/empresa\/\" \/>\n<meta property=\"og:site_name\" content=\"Datalife\" \/>\n<meta property=\"article:publisher\" content=\"https:\/\/www.facebook.com\/profile.php?id=61551346360928\" \/>\n<meta property=\"article:modified_time\" content=\"2019-06-05T18:45:38+00:00\" \/>\n<meta name=\"twitter:card\" content=\"summary_large_image\" \/>\n<meta name=\"twitter:label1\" content=\"Est. reading time\" \/>\n\t<meta name=\"twitter:data1\" content=\"5 minutes\" \/>\n<script type=\"application\/ld+json\" class=\"yoast-schema-graph\">{\"@context\":\"https:\/\/schema.org\",\"@graph\":[{\"@type\":\"WebPage\",\"@id\":\"https:\/\/datalifeit.es\/empresa\/\",\"url\":\"https:\/\/datalifeit.es\/empresa\/\",\"name\":\"Nuestra empresa - Datalife\",\"isPartOf\":{\"@id\":\"https:\/\/datalifeit.es\/#website\"},\"datePublished\":\"2019-05-26T20:27:16+00:00\",\"dateModified\":\"2019-06-05T18:45:38+00:00\",\"breadcrumb\":{\"@id\":\"https:\/\/datalifeit.es\/empresa\/#breadcrumb\"},\"inLanguage\":\"en-US\",\"potentialAction\":[{\"@type\":\"ReadAction\",\"target\":[\"https:\/\/datalifeit.es\/empresa\/\"]}]},{\"@type\":\"BreadcrumbList\",\"@id\":\"https:\/\/datalifeit.es\/empresa\/#breadcrumb\",\"itemListElement\":[{\"@type\":\"ListItem\",\"position\":1,\"name\":\"Portada\",\"item\":\"https:\/\/datalifeit.es\/\"},{\"@type\":\"ListItem\",\"position\":2,\"name\":\"Nuestra empresa\"}]},{\"@type\":\"WebSite\",\"@id\":\"https:\/\/datalifeit.es\/#website\",\"url\":\"https:\/\/datalifeit.es\/\",\"name\":\"Datalife\",\"description\":\"Datalife - Consultor\u00eda e implantaci\u00f3n de ERP\",\"publisher\":{\"@id\":\"https:\/\/datalifeit.es\/#organization\"},\"potentialAction\":[{\"@type\":\"SearchAction\",\"target\":{\"@type\":\"EntryPoint\",\"urlTemplate\":\"https:\/\/datalifeit.es\/?s={search_term_string}\"},\"query-input\":{\"@type\":\"PropertyValueSpecification\",\"valueRequired\":true,\"valueName\":\"search_term_string\"}}],\"inLanguage\":\"en-US\"},{\"@type\":\"Organization\",\"@id\":\"https:\/\/datalifeit.es\/#organization\",\"name\":\"Datalife\",\"alternateName\":\"Datalife\",\"url\":\"https:\/\/datalifeit.es\/\",\"logo\":{\"@type\":\"ImageObject\",\"inLanguage\":\"en-US\",\"@id\":\"https:\/\/datalifeit.es\/#\/schema\/logo\/image\/\",\"url\":\"https:\/\/datalifeit.es\/wp-content\/uploads\/2023\/10\/logo_newsletter.png\",\"contentUrl\":\"https:\/\/datalifeit.es\/wp-content\/uploads\/2023\/10\/logo_newsletter.png\",\"width\":250,\"height\":67,\"caption\":\"Datalife\"},\"image\":{\"@id\":\"https:\/\/datalifeit.es\/#\/schema\/logo\/image\/\"},\"sameAs\":[\"https:\/\/www.facebook.com\/profile.php?id=61551346360928\",\"https:\/\/www.linkedin.com\/company\/datalifeit\/\"]}]}<\/script>\n<!-- \/ Yoast SEO plugin. -->","yoast_head_json":{"title":"Nuestra empresa - Datalife","robots":{"index":"index","follow":"follow","max-snippet":"max-snippet:-1","max-image-preview":"max-image-preview:large","max-video-preview":"max-video-preview:-1"},"canonical":"https:\/\/datalifeit.es\/en\/empresa\/","og_locale":"en_US","og_type":"article","og_title":"Nuestra empresa - Datalife","og_url":"https:\/\/datalifeit.es\/en\/empresa\/","og_site_name":"Datalife","article_publisher":"https:\/\/www.facebook.com\/profile.php?id=61551346360928","article_modified_time":"2019-06-05T18:45:38+00:00","twitter_card":"summary_large_image","twitter_misc":{"Est. reading time":"5 minutes"},"schema":{"@context":"https:\/\/schema.org","@graph":[{"@type":"WebPage","@id":"https:\/\/datalifeit.es\/empresa\/","url":"https:\/\/datalifeit.es\/empresa\/","name":"Nuestra empresa - Datalife","isPartOf":{"@id":"https:\/\/datalifeit.es\/#website"},"datePublished":"2019-05-26T20:27:16+00:00","dateModified":"2019-06-05T18:45:38+00:00","breadcrumb":{"@id":"https:\/\/datalifeit.es\/empresa\/#breadcrumb"},"inLanguage":"en-US","potentialAction":[{"@type":"ReadAction","target":["https:\/\/datalifeit.es\/empresa\/"]}]},{"@type":"BreadcrumbList","@id":"https:\/\/datalifeit.es\/empresa\/#breadcrumb","itemListElement":[{"@type":"ListItem","position":1,"name":"Portada","item":"https:\/\/datalifeit.es\/"},{"@type":"ListItem","position":2,"name":"Nuestra empresa"}]},{"@type":"WebSite","@id":"https:\/\/datalifeit.es\/#website","url":"https:\/\/datalifeit.es\/","name":"Datalife","description":"Datalife - Consultor\u00eda e implantaci\u00f3n de ERP","publisher":{"@id":"https:\/\/datalifeit.es\/#organization"},"potentialAction":[{"@type":"SearchAction","target":{"@type":"EntryPoint","urlTemplate":"https:\/\/datalifeit.es\/?s={search_term_string}"},"query-input":{"@type":"PropertyValueSpecification","valueRequired":true,"valueName":"search_term_string"}}],"inLanguage":"en-US"},{"@type":"Organization","@id":"https:\/\/datalifeit.es\/#organization","name":"Datalife","alternateName":"Datalife","url":"https:\/\/datalifeit.es\/","logo":{"@type":"ImageObject","inLanguage":"en-US","@id":"https:\/\/datalifeit.es\/#\/schema\/logo\/image\/","url":"https:\/\/datalifeit.es\/wp-content\/uploads\/2023\/10\/logo_newsletter.png","contentUrl":"https:\/\/datalifeit.es\/wp-content\/uploads\/2023\/10\/logo_newsletter.png","width":250,"height":67,"caption":"Datalife"},"image":{"@id":"https:\/\/datalifeit.es\/#\/schema\/logo\/image\/"},"sameAs":["https:\/\/www.facebook.com\/profile.php?id=61551346360928","https:\/\/www.linkedin.com\/company\/datalifeit\/"]}]}},"_links":{"self":[{"href":"https:\/\/datalifeit.es\/en\/wp-json\/wp\/v2\/pages\/12915","targetHints":{"allow":["GET"]}}],"collection":[{"href":"https:\/\/datalifeit.es\/en\/wp-json\/wp\/v2\/pages"}],"about":[{"href":"https:\/\/datalifeit.es\/en\/wp-json\/wp\/v2\/types\/page"}],"author":[{"embeddable":true,"href":"https:\/\/datalifeit.es\/en\/wp-json\/wp\/v2\/users\/1"}],"replies":[{"embeddable":true,"href":"https:\/\/datalifeit.es\/en\/wp-json\/wp\/v2\/comments?post=12915"}],"version-history":[{"count":0,"href":"https:\/\/datalifeit.es\/en\/wp-json\/wp\/v2\/pages\/12915\/revisions"}],"wp:attachment":[{"href":"https:\/\/datalifeit.es\/en\/wp-json\/wp\/v2\/media?parent=12915"}],"curies":[{"name":"wp","href":"https:\/\/api.w.org\/{rel}","templated":true}]}}