{"id":10229,"date":"2018-06-22T17:47:23","date_gmt":"2018-06-22T15:47:23","guid":{"rendered":"https:\/\/upperinc.com\/previews\/wp\/skudo\/corporate-contents\/?page_id=10229"},"modified":"2019-06-06T09:44:41","modified_gmt":"2019-06-06T07:44:41","slug":"contactar","status":"publish","type":"page","link":"https:\/\/datalifeit.es\/en\/contactar\/","title":{"rendered":"Contactar"},"content":{"rendered":"<div class=\"wpb-content-wrapper\"><div data-vc-full-width=\"true\" data-vc-full-width-init=\"false\" data-vc-stretch-content=\"true\" class=\"vc_row wpb_row vc_row-fluid vc_custom_1492206304652\"><div class=\"box-paddingr wpb_column vc_column_container vc_col-sm-4\"><div class=\"vc_column-inner\"><div class=\"wpb_wrapper\"><h2 style=\"text-align: left\" class=\"vc_custom_heading vc_do_custom_heading no-letter-spacing\" >Contacta con nosotros<\/h2><div class=\"vc_empty_space\"   style=\"height: 10px\"><span class=\"vc_empty_space_inner\"><\/span><\/div><p style=\"font-size: 16px;color: #999999;line-height: 25px;text-align: left\" class=\"vc_custom_heading vc_do_custom_heading no-letter-spacing\" >Si deseas una demo o necesitas soporte para un servicio contratado, contacta con nosotros por tel\u00e9fono de lunes a viernes de 9:00 a 18:00 o env\u00edanos un mensaje o correo electr\u00f3nico y te atenderemos lo antes posible.<\/p><div class=\"vc_empty_space\"   style=\"height: 25px\"><span class=\"vc_empty_space_inner\"><\/span><\/div>\n\t<div class=\"wpb_text_column wpb_content_element\" >\n\t\t<div class=\"wpb_wrapper\">\n\t\t\t<p><strong>Nuestra direcci\u00f3n es:<\/strong><\/p>\n<p>Calle Per\u00fa, n\u00ba 5<br \/>\nComplejo Forum, 30820<br \/>\nP.I. Oeste \u2013\u00a0 Alcantarilla (Murcia, Espa\u00f1a)<\/p>\n<p><strong>Email:<\/strong> info@datalifeit.es<br \/>\n<strong>Tel\u00e9fono:<\/strong> (34) 868 057 451<\/p>\n\n\t\t<\/div>\n\t<\/div>\n<div class=\"vc_empty_space\"   style=\"height: 25px\"><span class=\"vc_empty_space_inner\"><\/span><\/div><div class=\"ult-just-icon-wrapper align-icon-left\"><div class=\"align-icon\" style=\"text-align:left;\">\n<a class=\"aio-tooltip 69d2deddaba9d\" href=\"https:\/\/twitter.com\/_datalife\" target=\"_blank\" rel=\"noopener\"  data-toggle=\"tooltip\" data-placement=\"\"><div class=\"aio-icon circle\" data-animation=\"fadeInUp\" data-animation-delay=\"03\" style=\"color:#ffffff;background:__USE_THEME_MAIN_COLOR__;font-size:12px;\">\n\t<i class=\"Defaults-twitter\"><\/i>\n<\/div><\/a><\/div><\/div><div class=\"ult-just-icon-wrapper align-icon-left\"><div class=\"align-icon\" style=\"text-align:left;\">\n<a class=\"aio-tooltip 69d2deddabac4\" href=\"https:\/\/www.facebook.com\/pg\/Datalife-S-Coop-494786010614391\/\" target=\"_blank\" rel=\"noopener\"  data-toggle=\"tooltip\" data-placement=\"\"><div class=\"aio-icon circle\" data-animation=\"fadeInUp\" data-animation-delay=\"03\" style=\"background:__USE_THEME_MAIN_COLOR__;font-size:12px;\">\n\t<i class=\"Defaults-facebook facebook-f\"><\/i>\n<\/div><\/a><\/div><\/div><div class=\"ult-just-icon-wrapper align-icon-left\"><div class=\"align-icon\" style=\"text-align:left;\">\n<a class=\"aio-tooltip 69d2deddabadb\" href=\"https:\/\/www.youtube.com\/channel\/UCxImQF38Ss2xZh7ZjxPlLIw\" target=\"_blank\"  rel=\"wpdevart_lightbox_video noopener\"   data-toggle=\"tooltip\" data-placement=\"\"><div class=\"aio-icon circle\" data-animation=\"fadeInUp\" data-animation-delay=\"03\" style=\"color:#ffffff;background:__USE_THEME_MAIN_COLOR__;font-size:12px;\">\n\t<i class=\"Defaults-linkedin\"><\/i>\n<\/div><\/a><\/div><\/div><\/div><\/div><\/div><div class=\"wpb_column vc_column_container vc_col-sm-8\"><div class=\"vc_column-inner\"><div class=\"wpb_wrapper\"><div class=\"ult-spacer spacer-69d2deddabc37\" data-id=\"69d2deddabc37\" data-height=\"0\" data-height-mobile=\"70\" data-height-tab=\"\" data-height-tab-portrait=\"\" data-height-mobile-landscape=\"70\" style=\"clear:both;display:block;\"><\/div>\n<div class=\"wpcf7 no-js\" id=\"wpcf7-f12357-o1\" lang=\"en-US\" dir=\"ltr\" data-wpcf7-id=\"12357\">\n<div class=\"screen-reader-response\"><p role=\"status\" aria-live=\"polite\" aria-atomic=\"true\"><\/p> <ul><\/ul><\/div>\n<form action=\"\/en\/wp-json\/wp\/v2\/pages\/10229#wpcf7-f12357-o1\" method=\"post\" class=\"wpcf7-form init wpcf7-acceptance-as-validation\" aria-label=\"Contact form\" novalidate=\"novalidate\" data-status=\"init\" data-trp-original-action=\"\/en\/wp-json\/wp\/v2\/pages\/10229#wpcf7-f12357-o1\">\n<fieldset class=\"hidden-fields-container\"><input type=\"hidden\" name=\"_wpcf7\" value=\"12357\" \/><input type=\"hidden\" name=\"_wpcf7_version\" value=\"6.1.5\" \/><input type=\"hidden\" name=\"_wpcf7_locale\" value=\"en_US\" \/><input type=\"hidden\" name=\"_wpcf7_unit_tag\" value=\"wpcf7-f12357-o1\" \/><input type=\"hidden\" name=\"_wpcf7_container_post\" value=\"0\" \/><input type=\"hidden\" name=\"_wpcf7_posted_data_hash\" value=\"\" \/>\n<\/fieldset>\n<div class=\"solidbox-multiple-fields\">\n\t<div class=\"f-name\">\n\t\t<p>Tu nombre <span class=\"cforms-required\">(requerido)<\/span>\n\t\t<\/p>\n\t\t<p><span class=\"wpcf7-form-control-wrap\" data-name=\"your-name\"><input size=\"40\" maxlength=\"400\" class=\"wpcf7-form-control wpcf7-text wpcf7-validates-as-required\" aria-required=\"true\" aria-invalid=\"false\" value=\"\" type=\"text\" name=\"your-name\" \/><\/span>\n\t\t<\/p>\n\t<\/div>\n\t<div class=\"f-email\">\n\t\t<p>Tu Email <span class=\"cforms-required\">(requerido)<\/span>\n\t\t<\/p>\n\t\t<p><span class=\"wpcf7-form-control-wrap\" data-name=\"your-email\"><input size=\"40\" maxlength=\"400\" class=\"wpcf7-form-control wpcf7-email wpcf7-validates-as-required wpcf7-text wpcf7-validates-as-email\" aria-required=\"true\" aria-invalid=\"false\" value=\"\" type=\"email\" name=\"your-email\" \/><\/span>\n\t\t<\/p>\n\t<\/div>\n\t<div class=\"f-name\">\n\t\t<p>Tel\u00e9fono de contacto <span class=\"cforms-required\">(requerido)<\/span>\n\t\t<\/p>\n\t\t<p><span class=\"wpcf7-form-control-wrap\" data-name=\"tel-524\"><input size=\"40\" maxlength=\"400\" class=\"wpcf7-form-control wpcf7-text wpcf7-validates-as-required\" aria-required=\"true\" aria-invalid=\"false\" value=\"\" type=\"text\" name=\"tel-524\" \/><\/span>\n\t\t<\/p>\n\t<\/div>\n\t<div class=\"f-subject\">\n\t\t<p>Asunto\n\t\t<\/p>\n\t\t<p><span class=\"wpcf7-form-control-wrap\" data-name=\"your-subject\"><input size=\"40\" maxlength=\"400\" class=\"wpcf7-form-control wpcf7-text\" aria-invalid=\"false\" value=\"\" type=\"text\" name=\"your-subject\" \/><\/span>\n\t\t<\/p>\n\t<\/div>\n\t<div class=\"f-service\">\n\t\t<p>Servicio\n\t\t<\/p>\n\t\t<p><span class=\"wpcf7-form-control-wrap\" data-name=\"menu-781\"><select class=\"wpcf7-form-control wpcf7-select\" aria-invalid=\"false\" name=\"menu-781\"><option value=\"Consultor\u00eda\">Consultor\u00eda<\/option><option value=\"Integraci\u00f3n\">Integraci\u00f3n<\/option><option value=\"Tryton ERP\">Tryton ERP<\/option><option value=\"4agro\">4agro<\/option><option value=\"Soporte\">Soporte<\/option><\/select><\/span>\n\t\t<\/p>\n\t<\/div>\n\t<div class=\"f-message\">\n\t\t<p>Tu mensaje\n\t\t<\/p>\n\t\t<p><span class=\"wpcf7-form-control-wrap\" data-name=\"your-message\"><textarea cols=\"40\" rows=\"10\" maxlength=\"2000\" class=\"wpcf7-form-control wpcf7-textarea\" aria-invalid=\"false\" name=\"your-message\"><\/textarea><\/span>\n\t\t<\/p>\n\t<\/div>\n\t<div class=\"f-message\">\n\t\t<p ><br \/>\n\n<div class=\"argpd-informar\">\n\t<p class=\"argpd-informar-title\">Informaci\u00f3n b\u00e1sica sobre protecci\u00f3n de datos <span class=\"argpd-mas\">Ver m\u00e1s<\/span><\/p>\n\t<ul>\n\t\t<li>\n\t\t\t<b>Responsable:<\/b>&nbsp;Datalife S. Coop.\n\t\t<\/li>\n\t\t<li><b>Finalidad:<\/b>&nbsp;\n\t\t\tResponder tus consultas.\n\t\t<\/li>\n\t\t<li><b>Legitimaci\u00f3n:<\/b>&nbsp;\n\t\t\t\n\t\t\t\tPor consentimiento del interesado.<\/li>\n\n\t\t<li><b>Destinatarios y encargados de tratamiento:<\/b>&nbsp;\n\n\t\t\t\tNo se ceden o comunican datos a terceros para prestar este servicio.\n\t\t<\/li>\n\t\t<li>\n\t\t\t<b>Derechos:<\/b>&nbsp;Acceder, rectificar y suprimir los datos.\n\t\t<\/li>\n\t\t<li>\n\t\t\t<b>Informaci\u00f3n Adicional:<\/b>&nbsp;Puede consultar la informaci\u00f3n detallada en la <a target=\"_noblank\" href=\"https:\/\/datalifeit.es\/en\/politica-privacidad\/\">Pol\u00edtica de Privacidad<\/a>.<\/li>\n\t<\/ul>\n<\/div>\n\t<\/div>\n\t<p ><br \/>\n<span class=\"wpcf7-form-control-wrap\" data-name=\"term_and_conditions\"><span class=\"wpcf7-form-control wpcf7-acceptance\"><span class=\"wpcf7-list-item\"><label><input type=\"checkbox\" name=\"term_and_conditions\" value=\"1\" class=\"required\" aria-invalid=\"false\" \/><span class=\"wpcf7-list-item-label\">He le\u00eddo y acepto las <a href='\/en\/politica-privacidad\/'>condiciones de privacidad.<\/a><\/span><\/label><\/span><\/span><\/span>\n\t<\/p>\n\t<div class=\"bt-contact center\">\n\t\t<p><a class=\"btn-contact-left\"><div class=\"altcha-widget-wrap\"><altcha-widget challengeurl=\"https:\/\/datalifeit.es\/en\/wp-json\/altcha\/v1\/challenge\" strings=\"{&quot;error&quot;:&quot;La verificaci\\u00f3n ha fallado. Int\\u00e9ntelo de nuevo m\\u00e1s tarde.&quot;,&quot;footer&quot;:&quot;Protegido por &lt;a href=\\&quot;https:\\\/\\\/altcha.org\\\/\\&quot; target=\\&quot;_blank\\&quot;&gt;ALTCHA&lt;\\\/a&gt;&quot;,&quot;label&quot;:&quot;No soy un robot&quot;,&quot;verified&quot;:&quot;Verificado&quot;,&quot;verifying&quot;:&quot;Verificando...&quot;,&quot;waitAlert&quot;:&quot;Verificando... por favor, espere.&quot;}\" auto=\"onload\" hidelogo=\"1\" hidefooter=\"1\"><\/altcha-widget><noscript><div class=\"altcha-no-javascript\">This form requires JavaScript!<\/div><\/noscript><\/div><input class=\"wpcf7-form-control wpcf7-submit has-spinner\" type=\"submit\" value=\"ENVIAR EMAIL\" \/><\/a>\n\t\t<\/p>\n\t<\/div>\n<\/div><div class=\"wpcf7-response-output\" aria-hidden=\"true\"><\/div>\n<input type=\"hidden\" name=\"trp-form-language\" value=\"en\"\/><\/form>\n<\/div>\n<\/div><\/div><\/div><\/div><div class=\"vc_row-full-width vc_clearfix\"><\/div><div data-vc-full-width=\"true\" data-vc-full-width-init=\"false\" data-vc-stretch-content=\"true\" class=\"vc_row wpb_row vc_row-fluid vc_custom_1492202652410 vc_row-no-padding\"><div class=\"wpb_column vc_column_container vc_col-sm-12\"><div class=\"vc_column-inner\"><div class=\"wpb_wrapper\"><div class=\"vc_separator wpb_content_element vc_separator_align_center vc_sep_width_100 vc_sep_pos_align_center vc_separator_no_text wpb_content_element  wpb_content_element\" ><span class=\"vc_sep_holder vc_sep_holder_l\"><span style=\"border-color:#ededed;\" class=\"vc_sep_line\"><\/span><\/span><span class=\"vc_sep_holder vc_sep_holder_r\"><span style=\"border-color:#ededed;\" class=\"vc_sep_line\"><\/span><\/span>\n<\/div><\/div><\/div><\/div><\/div><div class=\"vc_row-full-width vc_clearfix\"><\/div>\n<\/div>","protected":false},"excerpt":{"rendered":"Contacta con nosotrosSi deseas una demo o necesitas soporte para un servicio contratado, contacta con nosotros por tel\u00e9fono de lunes a viernes de 9:00 a 18:00 o env\u00edanos un mensaje o correo electr\u00f3nico y te atenderemos lo antes posible. Nuestra direcci\u00f3n es: Calle Per\u00fa, n\u00ba 5 Complejo Forum, 30820 P.I. Oeste \u2013\u00a0 Alcantarilla (Murcia, Espa\u00f1a) [...]","protected":false},"author":2,"featured_media":0,"parent":0,"menu_order":0,"comment_status":"closed","ping_status":"closed","template":"page.php","meta":{"footnotes":""},"class_list":["post-10229","page","type-page","status-publish","hentry"],"yoast_head":"<!-- This site is optimized with the Yoast SEO plugin v27.0 - https:\/\/yoast.com\/product\/yoast-seo-wordpress\/ -->\n<title>Contactar - Datalife<\/title>\n<meta name=\"robots\" content=\"index, follow, max-snippet:-1, max-image-preview:large, max-video-preview:-1\" \/>\n<link rel=\"canonical\" href=\"https:\/\/datalifeit.es\/en\/contactar\/\" \/>\n<meta property=\"og:locale\" content=\"en_US\" \/>\n<meta property=\"og:type\" content=\"article\" \/>\n<meta property=\"og:title\" content=\"Contactar - Datalife\" \/>\n<meta property=\"og:url\" content=\"https:\/\/datalifeit.es\/en\/contactar\/\" \/>\n<meta property=\"og:site_name\" content=\"Datalife\" \/>\n<meta property=\"article:publisher\" content=\"https:\/\/www.facebook.com\/profile.php?id=61551346360928\" \/>\n<meta property=\"article:modified_time\" content=\"2019-06-06T07:44:41+00:00\" \/>\n<meta name=\"twitter:card\" content=\"summary_large_image\" \/>\n<meta name=\"twitter:label1\" content=\"Est. reading time\" \/>\n\t<meta name=\"twitter:data1\" content=\"3 minutes\" \/>\n<script type=\"application\/ld+json\" class=\"yoast-schema-graph\">{\"@context\":\"https:\/\/schema.org\",\"@graph\":[{\"@type\":\"WebPage\",\"@id\":\"https:\/\/datalifeit.es\/contactar\/\",\"url\":\"https:\/\/datalifeit.es\/contactar\/\",\"name\":\"Contactar - Datalife\",\"isPartOf\":{\"@id\":\"https:\/\/datalifeit.es\/#website\"},\"datePublished\":\"2018-06-22T15:47:23+00:00\",\"dateModified\":\"2019-06-06T07:44:41+00:00\",\"breadcrumb\":{\"@id\":\"https:\/\/datalifeit.es\/contactar\/#breadcrumb\"},\"inLanguage\":\"en-US\",\"potentialAction\":[{\"@type\":\"ReadAction\",\"target\":[\"https:\/\/datalifeit.es\/contactar\/\"]}]},{\"@type\":\"BreadcrumbList\",\"@id\":\"https:\/\/datalifeit.es\/contactar\/#breadcrumb\",\"itemListElement\":[{\"@type\":\"ListItem\",\"position\":1,\"name\":\"Portada\",\"item\":\"https:\/\/datalifeit.es\/\"},{\"@type\":\"ListItem\",\"position\":2,\"name\":\"Contactar\"}]},{\"@type\":\"WebSite\",\"@id\":\"https:\/\/datalifeit.es\/#website\",\"url\":\"https:\/\/datalifeit.es\/\",\"name\":\"Datalife\",\"description\":\"Datalife - Consultor\u00eda e implantaci\u00f3n de ERP\",\"publisher\":{\"@id\":\"https:\/\/datalifeit.es\/#organization\"},\"potentialAction\":[{\"@type\":\"SearchAction\",\"target\":{\"@type\":\"EntryPoint\",\"urlTemplate\":\"https:\/\/datalifeit.es\/?s={search_term_string}\"},\"query-input\":{\"@type\":\"PropertyValueSpecification\",\"valueRequired\":true,\"valueName\":\"search_term_string\"}}],\"inLanguage\":\"en-US\"},{\"@type\":\"Organization\",\"@id\":\"https:\/\/datalifeit.es\/#organization\",\"name\":\"Datalife\",\"alternateName\":\"Datalife\",\"url\":\"https:\/\/datalifeit.es\/\",\"logo\":{\"@type\":\"ImageObject\",\"inLanguage\":\"en-US\",\"@id\":\"https:\/\/datalifeit.es\/#\/schema\/logo\/image\/\",\"url\":\"https:\/\/datalifeit.es\/wp-content\/uploads\/2023\/10\/logo_newsletter.png\",\"contentUrl\":\"https:\/\/datalifeit.es\/wp-content\/uploads\/2023\/10\/logo_newsletter.png\",\"width\":250,\"height\":67,\"caption\":\"Datalife\"},\"image\":{\"@id\":\"https:\/\/datalifeit.es\/#\/schema\/logo\/image\/\"},\"sameAs\":[\"https:\/\/www.facebook.com\/profile.php?id=61551346360928\",\"https:\/\/www.linkedin.com\/company\/datalifeit\/\"]}]}<\/script>\n<!-- \/ Yoast SEO plugin. -->","yoast_head_json":{"title":"Contactar - Datalife","robots":{"index":"index","follow":"follow","max-snippet":"max-snippet:-1","max-image-preview":"max-image-preview:large","max-video-preview":"max-video-preview:-1"},"canonical":"https:\/\/datalifeit.es\/en\/contactar\/","og_locale":"en_US","og_type":"article","og_title":"Contactar - Datalife","og_url":"https:\/\/datalifeit.es\/en\/contactar\/","og_site_name":"Datalife","article_publisher":"https:\/\/www.facebook.com\/profile.php?id=61551346360928","article_modified_time":"2019-06-06T07:44:41+00:00","twitter_card":"summary_large_image","twitter_misc":{"Est. reading time":"3 minutes"},"schema":{"@context":"https:\/\/schema.org","@graph":[{"@type":"WebPage","@id":"https:\/\/datalifeit.es\/contactar\/","url":"https:\/\/datalifeit.es\/contactar\/","name":"Contactar - Datalife","isPartOf":{"@id":"https:\/\/datalifeit.es\/#website"},"datePublished":"2018-06-22T15:47:23+00:00","dateModified":"2019-06-06T07:44:41+00:00","breadcrumb":{"@id":"https:\/\/datalifeit.es\/contactar\/#breadcrumb"},"inLanguage":"en-US","potentialAction":[{"@type":"ReadAction","target":["https:\/\/datalifeit.es\/contactar\/"]}]},{"@type":"BreadcrumbList","@id":"https:\/\/datalifeit.es\/contactar\/#breadcrumb","itemListElement":[{"@type":"ListItem","position":1,"name":"Portada","item":"https:\/\/datalifeit.es\/"},{"@type":"ListItem","position":2,"name":"Contactar"}]},{"@type":"WebSite","@id":"https:\/\/datalifeit.es\/#website","url":"https:\/\/datalifeit.es\/","name":"Datalife","description":"Datalife - Consultor\u00eda e implantaci\u00f3n de ERP","publisher":{"@id":"https:\/\/datalifeit.es\/#organization"},"potentialAction":[{"@type":"SearchAction","target":{"@type":"EntryPoint","urlTemplate":"https:\/\/datalifeit.es\/?s={search_term_string}"},"query-input":{"@type":"PropertyValueSpecification","valueRequired":true,"valueName":"search_term_string"}}],"inLanguage":"en-US"},{"@type":"Organization","@id":"https:\/\/datalifeit.es\/#organization","name":"Datalife","alternateName":"Datalife","url":"https:\/\/datalifeit.es\/","logo":{"@type":"ImageObject","inLanguage":"en-US","@id":"https:\/\/datalifeit.es\/#\/schema\/logo\/image\/","url":"https:\/\/datalifeit.es\/wp-content\/uploads\/2023\/10\/logo_newsletter.png","contentUrl":"https:\/\/datalifeit.es\/wp-content\/uploads\/2023\/10\/logo_newsletter.png","width":250,"height":67,"caption":"Datalife"},"image":{"@id":"https:\/\/datalifeit.es\/#\/schema\/logo\/image\/"},"sameAs":["https:\/\/www.facebook.com\/profile.php?id=61551346360928","https:\/\/www.linkedin.com\/company\/datalifeit\/"]}]}},"_links":{"self":[{"href":"https:\/\/datalifeit.es\/en\/wp-json\/wp\/v2\/pages\/10229","targetHints":{"allow":["GET"]}}],"collection":[{"href":"https:\/\/datalifeit.es\/en\/wp-json\/wp\/v2\/pages"}],"about":[{"href":"https:\/\/datalifeit.es\/en\/wp-json\/wp\/v2\/types\/page"}],"author":[{"embeddable":true,"href":"https:\/\/datalifeit.es\/en\/wp-json\/wp\/v2\/users\/2"}],"replies":[{"embeddable":true,"href":"https:\/\/datalifeit.es\/en\/wp-json\/wp\/v2\/comments?post=10229"}],"version-history":[{"count":0,"href":"https:\/\/datalifeit.es\/en\/wp-json\/wp\/v2\/pages\/10229\/revisions"}],"wp:attachment":[{"href":"https:\/\/datalifeit.es\/en\/wp-json\/wp\/v2\/media?parent=10229"}],"curies":[{"name":"wp","href":"https:\/\/api.w.org\/{rel}","templated":true}]}}